{"id":1675,"date":"2025-12-22T05:01:05","date_gmt":"2025-12-22T10:01:05","guid":{"rendered":"https:\/\/sahara.yopuedo.pe\/?page_id=1675"},"modified":"2025-12-23T16:07:47","modified_gmt":"2025-12-23T21:07:47","slug":"menu-principal","status":"publish","type":"page","link":"https:\/\/sahara.yopuedo.pe\/index.php\/menu-principal\/","title":{"rendered":"Men\u00fa principal"},"content":{"rendered":"\t\t<div data-elementor-type=\"wp-page\" data-elementor-id=\"1675\" class=\"elementor elementor-1675\" data-elementor-post-type=\"page\">\n\t\t\t\t<div class=\"elementor-element elementor-element-9b66e39 e-con-full e-flex e-con e-parent\" data-id=\"9b66e39\" data-element_type=\"container\" data-settings=\"{&quot;background_background&quot;:&quot;classic&quot;}\">\n\t\t\t\t<div class=\"elementor-element elementor-element-415654e elementor-widget elementor-widget-text-editor\" data-id=\"415654e\" data-element_type=\"widget\" data-widget_type=\"text-editor.default\">\n\t\t\t\t\t\t\t\t\t<p>Men\u00fa principal<\/p>\t\t\t\t\t\t\t\t<\/div>\n\t\t\t\t<div class=\"elementor-element elementor-element-57a2051 elementor-widget elementor-widget-text-editor\" data-id=\"57a2051\" data-element_type=\"widget\" data-widget_type=\"text-editor.default\">\n\t\t\t\t\t\t\t\t\t<p>Platos seleccionados con cuidado para sorprender y consentir a cada invitado.<\/p>\t\t\t\t\t\t\t\t<\/div>\n\t\t\t\t<\/div>\n\t\t<div class=\"elementor-element elementor-element-ac9804f e-flex e-con-boxed e-con e-parent\" data-id=\"ac9804f\" data-element_type=\"container\">\n\t\t\t\t\t<div class=\"e-con-inner\">\n\t\t\t\t<div class=\"elementor-element elementor-element-421824d elementor-widget elementor-widget-text-editor\" data-id=\"421824d\" data-element_type=\"widget\" data-widget_type=\"text-editor.default\">\n\t\t\t\t\t\t\t\t\t<p>La presentaci\u00f3n importa tanto como el sabor<\/p>\t\t\t\t\t\t\t\t<\/div>\n\t\t\t\t<div class=\"elementor-element elementor-element-4fd1114 elementor-widget elementor-widget-text-editor\" data-id=\"4fd1114\" data-element_type=\"widget\" data-widget_type=\"text-editor.default\">\n\t\t\t\t\t\t\t\t\t<p class=\"font-claude-response-body break-words whitespace-normal leading-[1.7]\">La comida en su boda es mucho m\u00e1s que nutrici\u00f3n. Es una experiencia sensorial, un momento de conexi\u00f3n, una pausa donde sus invitados no solo comparten mesa, sino tambi\u00e9n recuerdos y emociones. Cada plato que seleccionen cuenta parte de su historia.<\/p><p class=\"font-claude-response-body break-words whitespace-normal leading-[1.7]\">Comenzamos por entenderlos. \u00bfQu\u00e9 sabores los transportan a momentos especiales? Quiz\u00e1s esa pasta que compartieron en su primera cita, reinterpretada con un toque gourmet. O aquellos mariscos de la costa donde se declararon su amor, presentados con elegancia contempor\u00e1nea. Su men\u00fa debe hablar de ustedes, no ser simplemente una selecci\u00f3n gen\u00e9rica de \u00abcomida de bodas\u00bb.<\/p>\t\t\t\t\t\t\t\t<\/div>\n\t\t<div class=\"elementor-element elementor-element-1802982 e-grid e-con-full e-con e-child\" data-id=\"1802982\" data-element_type=\"container\">\n\t\t\t\t<div class=\"elementor-element elementor-element-f5dc7d4 elementor-widget elementor-widget-image\" data-id=\"f5dc7d4\" data-element_type=\"widget\" data-widget_type=\"image.default\">\n\t\t\t\t\t\t\t\t\t\t\t\t\t\t\t<img fetchpriority=\"high\" decoding=\"async\" width=\"800\" height=\"533\" src=\"https:\/\/sahara.yopuedo.pe\/wp-content\/uploads\/2025\/12\/imagen_2025-12-23_160336663-1024x682.png\" class=\"attachment-large size-large wp-image-1885\" alt=\"\" srcset=\"https:\/\/sahara.yopuedo.pe\/wp-content\/uploads\/2025\/12\/imagen_2025-12-23_160336663-1024x682.png 1024w, https:\/\/sahara.yopuedo.pe\/wp-content\/uploads\/2025\/12\/imagen_2025-12-23_160336663-300x200.png 300w, https:\/\/sahara.yopuedo.pe\/wp-content\/uploads\/2025\/12\/imagen_2025-12-23_160336663-768x512.png 768w, https:\/\/sahara.yopuedo.pe\/wp-content\/uploads\/2025\/12\/imagen_2025-12-23_160336663-600x400.png 600w, https:\/\/sahara.yopuedo.pe\/wp-content\/uploads\/2025\/12\/imagen_2025-12-23_160336663.png 1280w\" sizes=\"(max-width: 800px) 100vw, 800px\" \/>\t\t\t\t\t\t\t\t\t\t\t\t\t\t\t<\/div>\n\t\t\t\t<div class=\"elementor-element elementor-element-130207f elementor-widget elementor-widget-image\" data-id=\"130207f\" data-element_type=\"widget\" data-widget_type=\"image.default\">\n\t\t\t\t\t\t\t\t\t\t\t\t\t\t\t<img decoding=\"async\" width=\"800\" height=\"534\" src=\"https:\/\/sahara.yopuedo.pe\/wp-content\/uploads\/2025\/12\/imagen_2025-12-23_160410923-1024x684.png\" class=\"attachment-large size-large wp-image-1886\" alt=\"\" srcset=\"https:\/\/sahara.yopuedo.pe\/wp-content\/uploads\/2025\/12\/imagen_2025-12-23_160410923-1024x684.png 1024w, https:\/\/sahara.yopuedo.pe\/wp-content\/uploads\/2025\/12\/imagen_2025-12-23_160410923-300x200.png 300w, https:\/\/sahara.yopuedo.pe\/wp-content\/uploads\/2025\/12\/imagen_2025-12-23_160410923-768x513.png 768w, https:\/\/sahara.yopuedo.pe\/wp-content\/uploads\/2025\/12\/imagen_2025-12-23_160410923-1536x1025.png 1536w, https:\/\/sahara.yopuedo.pe\/wp-content\/uploads\/2025\/12\/imagen_2025-12-23_160410923-2048x1367.png 2048w, https:\/\/sahara.yopuedo.pe\/wp-content\/uploads\/2025\/12\/imagen_2025-12-23_160410923-600x401.png 600w\" sizes=\"(max-width: 800px) 100vw, 800px\" \/>\t\t\t\t\t\t\t\t\t\t\t\t\t\t\t<\/div>\n\t\t\t\t<div class=\"elementor-element elementor-element-fd11763 elementor-widget elementor-widget-image\" data-id=\"fd11763\" data-element_type=\"widget\" data-widget_type=\"image.default\">\n\t\t\t\t\t\t\t\t\t\t\t\t\t\t\t<img decoding=\"async\" width=\"800\" height=\"534\" src=\"https:\/\/sahara.yopuedo.pe\/wp-content\/uploads\/2025\/12\/imagen_2025-12-23_160451623.png\" class=\"attachment-large size-large wp-image-1887\" alt=\"\" srcset=\"https:\/\/sahara.yopuedo.pe\/wp-content\/uploads\/2025\/12\/imagen_2025-12-23_160451623.png 1000w, https:\/\/sahara.yopuedo.pe\/wp-content\/uploads\/2025\/12\/imagen_2025-12-23_160451623-300x200.png 300w, https:\/\/sahara.yopuedo.pe\/wp-content\/uploads\/2025\/12\/imagen_2025-12-23_160451623-768x512.png 768w, https:\/\/sahara.yopuedo.pe\/wp-content\/uploads\/2025\/12\/imagen_2025-12-23_160451623-600x400.png 600w\" sizes=\"(max-width: 800px) 100vw, 800px\" \/>\t\t\t\t\t\t\t\t\t\t\t\t\t\t\t<\/div>\n\t\t\t\t<div class=\"elementor-element elementor-element-bdfdbca elementor-widget elementor-widget-image\" data-id=\"bdfdbca\" data-element_type=\"widget\" data-widget_type=\"image.default\">\n\t\t\t\t\t\t\t\t\t\t\t\t\t\t\t<img loading=\"lazy\" decoding=\"async\" width=\"720\" height=\"480\" src=\"https:\/\/sahara.yopuedo.pe\/wp-content\/uploads\/2025\/12\/imagen_2025-12-23_160512735.png\" class=\"attachment-large size-large wp-image-1888\" alt=\"\" srcset=\"https:\/\/sahara.yopuedo.pe\/wp-content\/uploads\/2025\/12\/imagen_2025-12-23_160512735.png 720w, https:\/\/sahara.yopuedo.pe\/wp-content\/uploads\/2025\/12\/imagen_2025-12-23_160512735-300x200.png 300w, https:\/\/sahara.yopuedo.pe\/wp-content\/uploads\/2025\/12\/imagen_2025-12-23_160512735-600x400.png 600w\" sizes=\"(max-width: 720px) 100vw, 720px\" \/>\t\t\t\t\t\t\t\t\t\t\t\t\t\t\t<\/div>\n\t\t\t\t<div class=\"elementor-element elementor-element-18652ab elementor-widget elementor-widget-image\" data-id=\"18652ab\" data-element_type=\"widget\" data-widget_type=\"image.default\">\n\t\t\t\t\t\t\t\t\t\t\t\t\t\t\t<img loading=\"lazy\" decoding=\"async\" width=\"800\" height=\"533\" src=\"https:\/\/sahara.yopuedo.pe\/wp-content\/uploads\/2025\/12\/imagen_2025-12-23_160533398.png\" class=\"attachment-large size-large wp-image-1889\" alt=\"\" srcset=\"https:\/\/sahara.yopuedo.pe\/wp-content\/uploads\/2025\/12\/imagen_2025-12-23_160533398.png 960w, https:\/\/sahara.yopuedo.pe\/wp-content\/uploads\/2025\/12\/imagen_2025-12-23_160533398-300x200.png 300w, https:\/\/sahara.yopuedo.pe\/wp-content\/uploads\/2025\/12\/imagen_2025-12-23_160533398-768x512.png 768w, https:\/\/sahara.yopuedo.pe\/wp-content\/uploads\/2025\/12\/imagen_2025-12-23_160533398-600x400.png 600w\" sizes=\"(max-width: 800px) 100vw, 800px\" \/>\t\t\t\t\t\t\t\t\t\t\t\t\t\t\t<\/div>\n\t\t\t\t<div class=\"elementor-element elementor-element-e7daec8 elementor-widget elementor-widget-image\" data-id=\"e7daec8\" data-element_type=\"widget\" data-widget_type=\"image.default\">\n\t\t\t\t\t\t\t\t\t\t\t\t\t\t\t<img loading=\"lazy\" decoding=\"async\" width=\"800\" height=\"534\" src=\"https:\/\/sahara.yopuedo.pe\/wp-content\/uploads\/2025\/12\/imagen_2025-12-23_160611466-1024x683.png\" class=\"attachment-large size-large wp-image-1890\" alt=\"\" srcset=\"https:\/\/sahara.yopuedo.pe\/wp-content\/uploads\/2025\/12\/imagen_2025-12-23_160611466-1024x683.png 1024w, https:\/\/sahara.yopuedo.pe\/wp-content\/uploads\/2025\/12\/imagen_2025-12-23_160611466-300x200.png 300w, https:\/\/sahara.yopuedo.pe\/wp-content\/uploads\/2025\/12\/imagen_2025-12-23_160611466-768x512.png 768w, https:\/\/sahara.yopuedo.pe\/wp-content\/uploads\/2025\/12\/imagen_2025-12-23_160611466-600x400.png 600w, https:\/\/sahara.yopuedo.pe\/wp-content\/uploads\/2025\/12\/imagen_2025-12-23_160611466.png 1280w\" sizes=\"(max-width: 800px) 100vw, 800px\" \/>\t\t\t\t\t\t\t\t\t\t\t\t\t\t\t<\/div>\n\t\t\t\t<div class=\"elementor-element elementor-element-b9acb88 elementor-widget elementor-widget-image\" data-id=\"b9acb88\" data-element_type=\"widget\" data-widget_type=\"image.default\">\n\t\t\t\t\t\t\t\t\t\t\t\t\t\t\t<img loading=\"lazy\" decoding=\"async\" width=\"800\" height=\"487\" src=\"https:\/\/sahara.yopuedo.pe\/wp-content\/uploads\/2025\/12\/imagen_2025-12-23_160639627-1024x623.png\" class=\"attachment-large size-large wp-image-1891\" alt=\"\" srcset=\"https:\/\/sahara.yopuedo.pe\/wp-content\/uploads\/2025\/12\/imagen_2025-12-23_160639627-1024x623.png 1024w, https:\/\/sahara.yopuedo.pe\/wp-content\/uploads\/2025\/12\/imagen_2025-12-23_160639627-300x183.png 300w, https:\/\/sahara.yopuedo.pe\/wp-content\/uploads\/2025\/12\/imagen_2025-12-23_160639627-768x467.png 768w, https:\/\/sahara.yopuedo.pe\/wp-content\/uploads\/2025\/12\/imagen_2025-12-23_160639627-600x365.png 600w, https:\/\/sahara.yopuedo.pe\/wp-content\/uploads\/2025\/12\/imagen_2025-12-23_160639627.png 1200w\" sizes=\"(max-width: 800px) 100vw, 800px\" \/>\t\t\t\t\t\t\t\t\t\t\t\t\t\t\t<\/div>\n\t\t\t\t<div class=\"elementor-element elementor-element-6505027 elementor-widget elementor-widget-image\" data-id=\"6505027\" data-element_type=\"widget\" data-widget_type=\"image.default\">\n\t\t\t\t\t\t\t\t\t\t\t\t\t\t\t<img loading=\"lazy\" decoding=\"async\" width=\"800\" height=\"534\" src=\"https:\/\/sahara.yopuedo.pe\/wp-content\/uploads\/2025\/12\/imagen_2025-12-23_160705463.png\" class=\"attachment-large size-large wp-image-1892\" alt=\"\" srcset=\"https:\/\/sahara.yopuedo.pe\/wp-content\/uploads\/2025\/12\/imagen_2025-12-23_160705463.png 1024w, https:\/\/sahara.yopuedo.pe\/wp-content\/uploads\/2025\/12\/imagen_2025-12-23_160705463-300x200.png 300w, https:\/\/sahara.yopuedo.pe\/wp-content\/uploads\/2025\/12\/imagen_2025-12-23_160705463-768x513.png 768w, https:\/\/sahara.yopuedo.pe\/wp-content\/uploads\/2025\/12\/imagen_2025-12-23_160705463-600x401.png 600w\" sizes=\"(max-width: 800px) 100vw, 800px\" \/>\t\t\t\t\t\t\t\t\t\t\t\t\t\t\t<\/div>\n\t\t\t\t<div class=\"elementor-element elementor-element-574be11 elementor-widget elementor-widget-image\" data-id=\"574be11\" data-element_type=\"widget\" data-widget_type=\"image.default\">\n\t\t\t\t\t\t\t\t\t\t\t\t\t\t\t<img loading=\"lazy\" decoding=\"async\" width=\"800\" height=\"533\" src=\"https:\/\/sahara.yopuedo.pe\/wp-content\/uploads\/2025\/12\/imagen_2025-12-23_160733374.png\" class=\"attachment-large size-large wp-image-1893\" alt=\"\" srcset=\"https:\/\/sahara.yopuedo.pe\/wp-content\/uploads\/2025\/12\/imagen_2025-12-23_160733374.png 960w, https:\/\/sahara.yopuedo.pe\/wp-content\/uploads\/2025\/12\/imagen_2025-12-23_160733374-300x200.png 300w, https:\/\/sahara.yopuedo.pe\/wp-content\/uploads\/2025\/12\/imagen_2025-12-23_160733374-768x512.png 768w, https:\/\/sahara.yopuedo.pe\/wp-content\/uploads\/2025\/12\/imagen_2025-12-23_160733374-600x400.png 600w\" sizes=\"(max-width: 800px) 100vw, 800px\" \/>\t\t\t\t\t\t\t\t\t\t\t\t\t\t\t<\/div>\n\t\t\t\t<\/div>\n\t\t\t\t\t<\/div>\n\t\t\t\t<\/div>\n\t\t\t\t<\/div>\n\t\t","protected":false},"excerpt":{"rendered":"<p>Men\u00fa principal Platos seleccionados con cuidado para sorprender y consentir a cada invitado. La presentaci\u00f3n importa tanto como el sabor La comida en su boda es mucho m\u00e1s que nutrici\u00f3n. Es una experiencia sensorial, un momento de conexi\u00f3n, una pausa donde sus invitados no solo comparten mesa, sino tambi\u00e9n recuerdos y emociones. Cada plato que [&hellip;]<\/p>\n","protected":false},"author":2,"featured_media":0,"parent":0,"menu_order":0,"comment_status":"closed","ping_status":"closed","template":"","meta":{"footnotes":""},"class_list":["post-1675","page","type-page","status-publish","hentry"],"_links":{"self":[{"href":"https:\/\/sahara.yopuedo.pe\/index.php\/wp-json\/wp\/v2\/pages\/1675","targetHints":{"allow":["GET"]}}],"collection":[{"href":"https:\/\/sahara.yopuedo.pe\/index.php\/wp-json\/wp\/v2\/pages"}],"about":[{"href":"https:\/\/sahara.yopuedo.pe\/index.php\/wp-json\/wp\/v2\/types\/page"}],"author":[{"embeddable":true,"href":"https:\/\/sahara.yopuedo.pe\/index.php\/wp-json\/wp\/v2\/users\/2"}],"replies":[{"embeddable":true,"href":"https:\/\/sahara.yopuedo.pe\/index.php\/wp-json\/wp\/v2\/comments?post=1675"}],"version-history":[{"count":10,"href":"https:\/\/sahara.yopuedo.pe\/index.php\/wp-json\/wp\/v2\/pages\/1675\/revisions"}],"predecessor-version":[{"id":1896,"href":"https:\/\/sahara.yopuedo.pe\/index.php\/wp-json\/wp\/v2\/pages\/1675\/revisions\/1896"}],"wp:attachment":[{"href":"https:\/\/sahara.yopuedo.pe\/index.php\/wp-json\/wp\/v2\/media?parent=1675"}],"curies":[{"name":"wp","href":"https:\/\/api.w.org\/{rel}","templated":true}]}}