{"id":1669,"date":"2025-12-22T04:56:03","date_gmt":"2025-12-22T09:56:03","guid":{"rendered":"https:\/\/sahara.yopuedo.pe\/?page_id=1669"},"modified":"2025-12-22T23:49:29","modified_gmt":"2025-12-23T04:49:29","slug":"detalles-hechos-a-mano","status":"publish","type":"page","link":"https:\/\/sahara.yopuedo.pe\/index.php\/detalles-hechos-a-mano\/","title":{"rendered":"Detalles hechos a mano"},"content":{"rendered":"\t\t<div data-elementor-type=\"wp-page\" data-elementor-id=\"1669\" class=\"elementor elementor-1669\" data-elementor-post-type=\"page\">\n\t\t\t\t<div class=\"elementor-element elementor-element-1d7a4e1 e-con-full e-flex e-con e-parent\" data-id=\"1d7a4e1\" data-element_type=\"container\" data-settings=\"{&quot;background_background&quot;:&quot;classic&quot;}\">\n\t\t\t\t<div class=\"elementor-element elementor-element-6f82286 elementor-widget elementor-widget-text-editor\" data-id=\"6f82286\" data-element_type=\"widget\" data-widget_type=\"text-editor.default\">\n\t\t\t\t\t\t\t\t\t<p>Detalles hechos a mano<\/p>\t\t\t\t\t\t\t\t<\/div>\n\t\t\t\t<div class=\"elementor-element elementor-element-40ad086 elementor-widget elementor-widget-text-editor\" data-id=\"40ad086\" data-element_type=\"widget\" data-widget_type=\"text-editor.default\">\n\t\t\t\t\t\t\t\t\t<p>Elementos \u00fanicos que aportan cercan\u00eda, dedicaci\u00f3n y un toque especial al evento.\u200b<\/p>\t\t\t\t\t\t\t\t<\/div>\n\t\t<div class=\"elementor-element elementor-element-96aed91 e-con-full e-flex e-con e-child\" data-id=\"96aed91\" data-element_type=\"container\">\n\t\t\t\t<div class=\"elementor-element elementor-element-f12e213 elementor-widget elementor-widget-spacer\" data-id=\"f12e213\" data-element_type=\"widget\" data-widget_type=\"spacer.default\">\n\t\t\t\t\t\t\t<div class=\"elementor-spacer\">\n\t\t\t<div class=\"elementor-spacer-inner\"><\/div>\n\t\t<\/div>\n\t\t\t\t\t\t<\/div>\n\t\t\t\t<\/div>\n\t\t\t\t<\/div>\n\t\t<div class=\"elementor-element elementor-element-a6dd65f e-flex e-con-boxed e-con e-parent\" data-id=\"a6dd65f\" data-element_type=\"container\">\n\t\t\t\t\t<div class=\"e-con-inner\">\n\t\t\t\t<div class=\"elementor-element elementor-element-94f6905 elementor-widget elementor-widget-text-editor\" data-id=\"94f6905\" data-element_type=\"widget\" data-widget_type=\"text-editor.default\">\n\t\t\t\t\t\t\t\t\t<p>Cada elemento artesanal puede ser un puente entre generaciones<\/p>\t\t\t\t\t\t\t\t<\/div>\n\t\t\t\t<div class=\"elementor-element elementor-element-e06d33a elementor-widget elementor-widget-text-editor\" data-id=\"e06d33a\" data-element_type=\"widget\" data-widget_type=\"text-editor.default\">\n\t\t\t\t\t\t\t\t\t<p class=\"font-claude-response-body break-words whitespace-normal leading-[1.7]\">En un mundo de producciones masivas, lo hecho a mano lleva el alma de quien lo crea. Cada detalle artesanal en su boda no es solo decoraci\u00f3n, es una declaraci\u00f3n de amor y dedicaci\u00f3n que sus invitados pueden sentir con solo mirarlo.<\/p><p class=\"font-claude-response-body break-words whitespace-normal leading-[1.7]\">Hablamos de serigraf\u00edas personalizadas en las servilletas de lino, donde sus iniciales se entrelazan con una delicadeza que ninguna m\u00e1quina podr\u00eda replicar. De se\u00f1alizadores de mesa tallados en madera, cada uno con su propia personalidad gracias a las vetas naturales del material. De nombres de invitados escritos en caligraf\u00eda sobre papeles de algod\u00f3n, donde cada trazo revela la paciencia y el cuidado del proceso.<\/p>\t\t\t\t\t\t\t\t<\/div>\n\t\t<div class=\"elementor-element elementor-element-f3608d0 e-grid e-con-full e-con e-child\" data-id=\"f3608d0\" data-element_type=\"container\">\n\t\t\t\t<div class=\"elementor-element elementor-element-b854a95 elementor-widget elementor-widget-image\" data-id=\"b854a95\" data-element_type=\"widget\" data-widget_type=\"image.default\">\n\t\t\t\t\t\t\t\t\t\t\t\t\t\t\t<img fetchpriority=\"high\" decoding=\"async\" width=\"800\" height=\"533\" src=\"https:\/\/sahara.yopuedo.pe\/wp-content\/uploads\/2025\/12\/imagen_2025-12-22_221233685-1024x682.png\" class=\"attachment-large size-large wp-image-1704\" alt=\"\" srcset=\"https:\/\/sahara.yopuedo.pe\/wp-content\/uploads\/2025\/12\/imagen_2025-12-22_221233685-1024x682.png 1024w, https:\/\/sahara.yopuedo.pe\/wp-content\/uploads\/2025\/12\/imagen_2025-12-22_221233685-300x200.png 300w, https:\/\/sahara.yopuedo.pe\/wp-content\/uploads\/2025\/12\/imagen_2025-12-22_221233685-768x512.png 768w, https:\/\/sahara.yopuedo.pe\/wp-content\/uploads\/2025\/12\/imagen_2025-12-22_221233685-600x400.png 600w, https:\/\/sahara.yopuedo.pe\/wp-content\/uploads\/2025\/12\/imagen_2025-12-22_221233685.png 1280w\" sizes=\"(max-width: 800px) 100vw, 800px\" \/>\t\t\t\t\t\t\t\t\t\t\t\t\t\t\t<\/div>\n\t\t\t\t<div class=\"elementor-element elementor-element-e34ee55 elementor-widget elementor-widget-image\" data-id=\"e34ee55\" data-element_type=\"widget\" data-widget_type=\"image.default\">\n\t\t\t\t\t\t\t\t\t\t\t\t\t\t\t<img decoding=\"async\" width=\"800\" height=\"502\" src=\"https:\/\/sahara.yopuedo.pe\/wp-content\/uploads\/2025\/12\/imagen_2025-12-22_221325471-1024x642.png\" class=\"attachment-large size-large wp-image-1705\" alt=\"\" srcset=\"https:\/\/sahara.yopuedo.pe\/wp-content\/uploads\/2025\/12\/imagen_2025-12-22_221325471-1024x642.png 1024w, https:\/\/sahara.yopuedo.pe\/wp-content\/uploads\/2025\/12\/imagen_2025-12-22_221325471-300x188.png 300w, https:\/\/sahara.yopuedo.pe\/wp-content\/uploads\/2025\/12\/imagen_2025-12-22_221325471-768x481.png 768w, https:\/\/sahara.yopuedo.pe\/wp-content\/uploads\/2025\/12\/imagen_2025-12-22_221325471-600x376.png 600w, https:\/\/sahara.yopuedo.pe\/wp-content\/uploads\/2025\/12\/imagen_2025-12-22_221325471.png 1280w\" sizes=\"(max-width: 800px) 100vw, 800px\" \/>\t\t\t\t\t\t\t\t\t\t\t\t\t\t\t<\/div>\n\t\t\t\t<div class=\"elementor-element elementor-element-de62eb0 elementor-widget elementor-widget-image\" data-id=\"de62eb0\" data-element_type=\"widget\" data-widget_type=\"image.default\">\n\t\t\t\t\t\t\t\t\t\t\t\t\t\t\t<img decoding=\"async\" width=\"800\" height=\"533\" src=\"https:\/\/sahara.yopuedo.pe\/wp-content\/uploads\/2025\/12\/imagen_2025-12-22_221434675-1024x682.png\" class=\"attachment-large size-large wp-image-1707\" alt=\"\" srcset=\"https:\/\/sahara.yopuedo.pe\/wp-content\/uploads\/2025\/12\/imagen_2025-12-22_221434675-1024x682.png 1024w, https:\/\/sahara.yopuedo.pe\/wp-content\/uploads\/2025\/12\/imagen_2025-12-22_221434675-300x200.png 300w, https:\/\/sahara.yopuedo.pe\/wp-content\/uploads\/2025\/12\/imagen_2025-12-22_221434675-768x512.png 768w, https:\/\/sahara.yopuedo.pe\/wp-content\/uploads\/2025\/12\/imagen_2025-12-22_221434675-600x400.png 600w, https:\/\/sahara.yopuedo.pe\/wp-content\/uploads\/2025\/12\/imagen_2025-12-22_221434675.png 1280w\" sizes=\"(max-width: 800px) 100vw, 800px\" \/>\t\t\t\t\t\t\t\t\t\t\t\t\t\t\t<\/div>\n\t\t\t\t<div class=\"elementor-element elementor-element-80b29d7 elementor-widget elementor-widget-image\" data-id=\"80b29d7\" data-element_type=\"widget\" data-widget_type=\"image.default\">\n\t\t\t\t\t\t\t\t\t\t\t\t\t\t\t<img loading=\"lazy\" decoding=\"async\" width=\"800\" height=\"533\" src=\"https:\/\/sahara.yopuedo.pe\/wp-content\/uploads\/2025\/12\/imagen_2025-12-22_221542078-1024x682.png\" class=\"attachment-large size-large wp-image-1708\" alt=\"\" srcset=\"https:\/\/sahara.yopuedo.pe\/wp-content\/uploads\/2025\/12\/imagen_2025-12-22_221542078-1024x682.png 1024w, https:\/\/sahara.yopuedo.pe\/wp-content\/uploads\/2025\/12\/imagen_2025-12-22_221542078-300x200.png 300w, https:\/\/sahara.yopuedo.pe\/wp-content\/uploads\/2025\/12\/imagen_2025-12-22_221542078-768x512.png 768w, https:\/\/sahara.yopuedo.pe\/wp-content\/uploads\/2025\/12\/imagen_2025-12-22_221542078-600x400.png 600w, https:\/\/sahara.yopuedo.pe\/wp-content\/uploads\/2025\/12\/imagen_2025-12-22_221542078.png 1280w\" sizes=\"(max-width: 800px) 100vw, 800px\" \/>\t\t\t\t\t\t\t\t\t\t\t\t\t\t\t<\/div>\n\t\t\t\t<div class=\"elementor-element elementor-element-b0fd43d elementor-widget elementor-widget-image\" data-id=\"b0fd43d\" data-element_type=\"widget\" data-widget_type=\"image.default\">\n\t\t\t\t\t\t\t\t\t\t\t\t\t\t\t<img loading=\"lazy\" decoding=\"async\" width=\"800\" height=\"533\" src=\"https:\/\/sahara.yopuedo.pe\/wp-content\/uploads\/2025\/12\/imagen_2025-12-22_221633130-1024x682.png\" class=\"attachment-large size-large wp-image-1709\" alt=\"\" srcset=\"https:\/\/sahara.yopuedo.pe\/wp-content\/uploads\/2025\/12\/imagen_2025-12-22_221633130-1024x682.png 1024w, https:\/\/sahara.yopuedo.pe\/wp-content\/uploads\/2025\/12\/imagen_2025-12-22_221633130-300x200.png 300w, https:\/\/sahara.yopuedo.pe\/wp-content\/uploads\/2025\/12\/imagen_2025-12-22_221633130-768x512.png 768w, https:\/\/sahara.yopuedo.pe\/wp-content\/uploads\/2025\/12\/imagen_2025-12-22_221633130-600x400.png 600w, https:\/\/sahara.yopuedo.pe\/wp-content\/uploads\/2025\/12\/imagen_2025-12-22_221633130.png 1280w\" sizes=\"(max-width: 800px) 100vw, 800px\" \/>\t\t\t\t\t\t\t\t\t\t\t\t\t\t\t<\/div>\n\t\t\t\t<div class=\"elementor-element elementor-element-7e2d529 elementor-widget elementor-widget-image\" data-id=\"7e2d529\" data-element_type=\"widget\" data-widget_type=\"image.default\">\n\t\t\t\t\t\t\t\t\t\t\t\t\t\t\t<img loading=\"lazy\" decoding=\"async\" width=\"800\" height=\"533\" src=\"https:\/\/sahara.yopuedo.pe\/wp-content\/uploads\/2025\/12\/imagen_2025-12-22_221717113-1024x682.png\" class=\"attachment-large size-large wp-image-1710\" alt=\"\" srcset=\"https:\/\/sahara.yopuedo.pe\/wp-content\/uploads\/2025\/12\/imagen_2025-12-22_221717113-1024x682.png 1024w, https:\/\/sahara.yopuedo.pe\/wp-content\/uploads\/2025\/12\/imagen_2025-12-22_221717113-300x200.png 300w, https:\/\/sahara.yopuedo.pe\/wp-content\/uploads\/2025\/12\/imagen_2025-12-22_221717113-768x512.png 768w, https:\/\/sahara.yopuedo.pe\/wp-content\/uploads\/2025\/12\/imagen_2025-12-22_221717113-600x400.png 600w, https:\/\/sahara.yopuedo.pe\/wp-content\/uploads\/2025\/12\/imagen_2025-12-22_221717113.png 1280w\" sizes=\"(max-width: 800px) 100vw, 800px\" \/>\t\t\t\t\t\t\t\t\t\t\t\t\t\t\t<\/div>\n\t\t\t\t<div class=\"elementor-element elementor-element-7395df7 elementor-widget elementor-widget-image\" data-id=\"7395df7\" data-element_type=\"widget\" data-widget_type=\"image.default\">\n\t\t\t\t\t\t\t\t\t\t\t\t\t\t\t<img loading=\"lazy\" decoding=\"async\" width=\"800\" height=\"533\" src=\"https:\/\/sahara.yopuedo.pe\/wp-content\/uploads\/2025\/12\/imagen_2025-12-22_221806308-1024x682.png\" class=\"attachment-large size-large wp-image-1711\" alt=\"\" srcset=\"https:\/\/sahara.yopuedo.pe\/wp-content\/uploads\/2025\/12\/imagen_2025-12-22_221806308-1024x682.png 1024w, https:\/\/sahara.yopuedo.pe\/wp-content\/uploads\/2025\/12\/imagen_2025-12-22_221806308-300x200.png 300w, https:\/\/sahara.yopuedo.pe\/wp-content\/uploads\/2025\/12\/imagen_2025-12-22_221806308-768x512.png 768w, https:\/\/sahara.yopuedo.pe\/wp-content\/uploads\/2025\/12\/imagen_2025-12-22_221806308-600x400.png 600w, https:\/\/sahara.yopuedo.pe\/wp-content\/uploads\/2025\/12\/imagen_2025-12-22_221806308.png 1280w\" sizes=\"(max-width: 800px) 100vw, 800px\" \/>\t\t\t\t\t\t\t\t\t\t\t\t\t\t\t<\/div>\n\t\t\t\t<div class=\"elementor-element elementor-element-0a59840 elementor-widget elementor-widget-image\" data-id=\"0a59840\" data-element_type=\"widget\" data-widget_type=\"image.default\">\n\t\t\t\t\t\t\t\t\t\t\t\t\t\t\t<img loading=\"lazy\" decoding=\"async\" width=\"800\" height=\"533\" src=\"https:\/\/sahara.yopuedo.pe\/wp-content\/uploads\/2025\/12\/imagen_2025-12-22_222446672.png\" class=\"attachment-large size-large wp-image-1713\" alt=\"\" srcset=\"https:\/\/sahara.yopuedo.pe\/wp-content\/uploads\/2025\/12\/imagen_2025-12-22_222446672.png 960w, https:\/\/sahara.yopuedo.pe\/wp-content\/uploads\/2025\/12\/imagen_2025-12-22_222446672-300x200.png 300w, https:\/\/sahara.yopuedo.pe\/wp-content\/uploads\/2025\/12\/imagen_2025-12-22_222446672-768x512.png 768w, https:\/\/sahara.yopuedo.pe\/wp-content\/uploads\/2025\/12\/imagen_2025-12-22_222446672-600x400.png 600w\" sizes=\"(max-width: 800px) 100vw, 800px\" \/>\t\t\t\t\t\t\t\t\t\t\t\t\t\t\t<\/div>\n\t\t\t\t<div class=\"elementor-element elementor-element-fe1ed50 elementor-widget elementor-widget-image\" data-id=\"fe1ed50\" data-element_type=\"widget\" data-widget_type=\"image.default\">\n\t\t\t\t\t\t\t\t\t\t\t\t\t\t\t<img loading=\"lazy\" decoding=\"async\" width=\"720\" height=\"480\" src=\"https:\/\/sahara.yopuedo.pe\/wp-content\/uploads\/2025\/12\/imagen_2025-12-22_222511849.png\" class=\"attachment-large size-large wp-image-1714\" alt=\"\" srcset=\"https:\/\/sahara.yopuedo.pe\/wp-content\/uploads\/2025\/12\/imagen_2025-12-22_222511849.png 720w, https:\/\/sahara.yopuedo.pe\/wp-content\/uploads\/2025\/12\/imagen_2025-12-22_222511849-300x200.png 300w, https:\/\/sahara.yopuedo.pe\/wp-content\/uploads\/2025\/12\/imagen_2025-12-22_222511849-600x400.png 600w\" sizes=\"(max-width: 720px) 100vw, 720px\" \/>\t\t\t\t\t\t\t\t\t\t\t\t\t\t\t<\/div>\n\t\t\t\t<\/div>\n\t\t\t\t\t<\/div>\n\t\t\t\t<\/div>\n\t\t\t\t<\/div>\n\t\t","protected":false},"excerpt":{"rendered":"<p>Detalles hechos a mano Elementos \u00fanicos que aportan cercan\u00eda, dedicaci\u00f3n y un toque especial al evento.\u200b Cada elemento artesanal puede ser un puente entre generaciones En un mundo de producciones masivas, lo hecho a mano lleva el alma de quien lo crea. Cada detalle artesanal en su boda no es solo decoraci\u00f3n, es una declaraci\u00f3n [&hellip;]<\/p>\n","protected":false},"author":2,"featured_media":0,"parent":0,"menu_order":0,"comment_status":"closed","ping_status":"closed","template":"","meta":{"footnotes":""},"class_list":["post-1669","page","type-page","status-publish","hentry"],"_links":{"self":[{"href":"https:\/\/sahara.yopuedo.pe\/index.php\/wp-json\/wp\/v2\/pages\/1669","targetHints":{"allow":["GET"]}}],"collection":[{"href":"https:\/\/sahara.yopuedo.pe\/index.php\/wp-json\/wp\/v2\/pages"}],"about":[{"href":"https:\/\/sahara.yopuedo.pe\/index.php\/wp-json\/wp\/v2\/types\/page"}],"author":[{"embeddable":true,"href":"https:\/\/sahara.yopuedo.pe\/index.php\/wp-json\/wp\/v2\/users\/2"}],"replies":[{"embeddable":true,"href":"https:\/\/sahara.yopuedo.pe\/index.php\/wp-json\/wp\/v2\/comments?post=1669"}],"version-history":[{"count":19,"href":"https:\/\/sahara.yopuedo.pe\/index.php\/wp-json\/wp\/v2\/pages\/1669\/revisions"}],"predecessor-version":[{"id":1792,"href":"https:\/\/sahara.yopuedo.pe\/index.php\/wp-json\/wp\/v2\/pages\/1669\/revisions\/1792"}],"wp:attachment":[{"href":"https:\/\/sahara.yopuedo.pe\/index.php\/wp-json\/wp\/v2\/media?parent=1669"}],"curies":[{"name":"wp","href":"https:\/\/api.w.org\/{rel}","templated":true}]}}