{"id":1663,"date":"2025-12-22T04:48:01","date_gmt":"2025-12-22T09:48:01","guid":{"rendered":"https:\/\/sahara.yopuedo.pe\/?page_id=1663"},"modified":"2025-12-23T16:03:20","modified_gmt":"2025-12-23T21:03:20","slug":"paleta-de-colores-definida","status":"publish","type":"page","link":"https:\/\/sahara.yopuedo.pe\/index.php\/paleta-de-colores-definida\/","title":{"rendered":"Paleta de colores definida\u200b"},"content":{"rendered":"\t\t<div data-elementor-type=\"wp-page\" data-elementor-id=\"1663\" class=\"elementor elementor-1663\" data-elementor-post-type=\"page\">\n\t\t\t\t<div class=\"elementor-element elementor-element-9d53c82 e-con-full e-flex e-con e-parent\" data-id=\"9d53c82\" data-element_type=\"container\" data-settings=\"{&quot;background_background&quot;:&quot;classic&quot;}\">\n\t\t\t\t<div class=\"elementor-element elementor-element-fe8ec2f elementor-widget elementor-widget-text-editor\" data-id=\"fe8ec2f\" data-element_type=\"widget\" data-widget_type=\"text-editor.default\">\n\t\t\t\t\t\t\t\t\t<p>Paleta de colores definida<\/p>\t\t\t\t\t\t\t\t<\/div>\n\t\t\t\t<div class=\"elementor-element elementor-element-fda2f53 elementor-widget elementor-widget-text-editor\" data-id=\"fda2f53\" data-element_type=\"widget\" data-widget_type=\"text-editor.default\">\n\t\t\t\t\t\t\t\t\t<p>Combinaciones pensadas para reflejar la personalidad de los novios en cada rinc\u00f3n.\u200b<\/p>\t\t\t\t\t\t\t\t<\/div>\n\t\t\t\t<\/div>\n\t\t<div class=\"elementor-element elementor-element-eeee626 e-flex e-con-boxed e-con e-parent\" data-id=\"eeee626\" data-element_type=\"container\">\n\t\t\t\t\t<div class=\"e-con-inner\">\n\t\t\t\t<div class=\"elementor-element elementor-element-4c0ebb0 elementor-widget elementor-widget-text-editor\" data-id=\"4c0ebb0\" data-element_type=\"widget\" data-widget_type=\"text-editor.default\">\n\t\t\t\t\t\t\t\t\t<p>La paleta de colores no es una imposici\u00f3n r\u00edgida, es una gu\u00eda inspiradora<\/p>\t\t\t\t\t\t\t\t<\/div>\n\t\t\t\t<div class=\"elementor-element elementor-element-c0e498c elementor-widget elementor-widget-text-editor\" data-id=\"c0e498c\" data-element_type=\"widget\" data-widget_type=\"text-editor.default\">\n\t\t\t\t\t\t\t\t\t<p data-start=\"246\" data-end=\"694\">Elegir la paleta de colores de tu boda es mucho m\u00e1s que seleccionar tonos bonitos. Es crear un lenguaje visual que cuenta su historia de amor. Cada matiz, cada combinaci\u00f3n, transmite una emoci\u00f3n diferente y define la atm\u00f3sfera de su d\u00eda especial.<br \/>Comenzamos escuch\u00e1ndote. \u00bfSon cl\u00e1sicos y elegantes? Una paleta de marfil, dorado suave y verde salvia los representar\u00e1 perfectamente. \u00bfRom\u00e1nticos empedernidos? Los tonos blush, malva y champagne crear\u00e1n ese ambiente so\u00f1ador que buscan. Para esp\u00edritus bohemios, los terracota, mostaza y verde eucalipto hablan su idioma. Y si lo de ustedes es la modernidad, los contrastes dram\u00e1ticos como negro, blanco y toques de metal son su firma.<\/p>\t\t\t\t\t\t\t\t<\/div>\n\t\t<div class=\"elementor-element elementor-element-0c4b250 e-grid e-con-full e-con e-child\" data-id=\"0c4b250\" data-element_type=\"container\">\n\t\t\t\t<div class=\"elementor-element elementor-element-45c80b1 elementor-widget elementor-widget-image\" data-id=\"45c80b1\" data-element_type=\"widget\" data-widget_type=\"image.default\">\n\t\t\t\t\t\t\t\t\t\t\t\t\t\t\t<img fetchpriority=\"high\" decoding=\"async\" width=\"800\" height=\"680\" src=\"https:\/\/sahara.yopuedo.pe\/wp-content\/uploads\/2025\/12\/imagen_2025-12-23_155848460.png\" class=\"attachment-large size-large wp-image-1873\" alt=\"\" srcset=\"https:\/\/sahara.yopuedo.pe\/wp-content\/uploads\/2025\/12\/imagen_2025-12-23_155848460.png 1000w, https:\/\/sahara.yopuedo.pe\/wp-content\/uploads\/2025\/12\/imagen_2025-12-23_155848460-300x255.png 300w, https:\/\/sahara.yopuedo.pe\/wp-content\/uploads\/2025\/12\/imagen_2025-12-23_155848460-768x653.png 768w, https:\/\/sahara.yopuedo.pe\/wp-content\/uploads\/2025\/12\/imagen_2025-12-23_155848460-600x510.png 600w\" sizes=\"(max-width: 800px) 100vw, 800px\" \/>\t\t\t\t\t\t\t\t\t\t\t\t\t\t\t<\/div>\n\t\t\t\t<div class=\"elementor-element elementor-element-f2f12b7 elementor-widget elementor-widget-image\" data-id=\"f2f12b7\" data-element_type=\"widget\" data-widget_type=\"image.default\">\n\t\t\t\t\t\t\t\t\t\t\t\t\t\t\t<img decoding=\"async\" width=\"800\" height=\"680\" src=\"https:\/\/sahara.yopuedo.pe\/wp-content\/uploads\/2025\/12\/imagen_2025-12-23_155925604.png\" class=\"attachment-large size-large wp-image-1874\" alt=\"\" srcset=\"https:\/\/sahara.yopuedo.pe\/wp-content\/uploads\/2025\/12\/imagen_2025-12-23_155925604.png 1000w, https:\/\/sahara.yopuedo.pe\/wp-content\/uploads\/2025\/12\/imagen_2025-12-23_155925604-300x255.png 300w, https:\/\/sahara.yopuedo.pe\/wp-content\/uploads\/2025\/12\/imagen_2025-12-23_155925604-768x653.png 768w, https:\/\/sahara.yopuedo.pe\/wp-content\/uploads\/2025\/12\/imagen_2025-12-23_155925604-600x510.png 600w\" sizes=\"(max-width: 800px) 100vw, 800px\" \/>\t\t\t\t\t\t\t\t\t\t\t\t\t\t\t<\/div>\n\t\t\t\t<div class=\"elementor-element elementor-element-fc795e9 elementor-widget elementor-widget-image\" data-id=\"fc795e9\" data-element_type=\"widget\" data-widget_type=\"image.default\">\n\t\t\t\t\t\t\t\t\t\t\t\t\t\t\t<img decoding=\"async\" width=\"800\" height=\"680\" src=\"https:\/\/sahara.yopuedo.pe\/wp-content\/uploads\/2025\/12\/imagen_2025-12-23_155947327.png\" class=\"attachment-large size-large wp-image-1875\" alt=\"\" srcset=\"https:\/\/sahara.yopuedo.pe\/wp-content\/uploads\/2025\/12\/imagen_2025-12-23_155947327.png 1000w, https:\/\/sahara.yopuedo.pe\/wp-content\/uploads\/2025\/12\/imagen_2025-12-23_155947327-300x255.png 300w, https:\/\/sahara.yopuedo.pe\/wp-content\/uploads\/2025\/12\/imagen_2025-12-23_155947327-768x653.png 768w, https:\/\/sahara.yopuedo.pe\/wp-content\/uploads\/2025\/12\/imagen_2025-12-23_155947327-600x510.png 600w\" sizes=\"(max-width: 800px) 100vw, 800px\" \/>\t\t\t\t\t\t\t\t\t\t\t\t\t\t\t<\/div>\n\t\t\t\t<div class=\"elementor-element elementor-element-b1b9bb7 elementor-widget elementor-widget-image\" data-id=\"b1b9bb7\" data-element_type=\"widget\" data-widget_type=\"image.default\">\n\t\t\t\t\t\t\t\t\t\t\t\t\t\t\t<img loading=\"lazy\" decoding=\"async\" width=\"800\" height=\"680\" src=\"https:\/\/sahara.yopuedo.pe\/wp-content\/uploads\/2025\/12\/imagen_2025-12-23_160014585.png\" class=\"attachment-large size-large wp-image-1876\" alt=\"\" srcset=\"https:\/\/sahara.yopuedo.pe\/wp-content\/uploads\/2025\/12\/imagen_2025-12-23_160014585.png 1000w, https:\/\/sahara.yopuedo.pe\/wp-content\/uploads\/2025\/12\/imagen_2025-12-23_160014585-300x255.png 300w, https:\/\/sahara.yopuedo.pe\/wp-content\/uploads\/2025\/12\/imagen_2025-12-23_160014585-768x653.png 768w, https:\/\/sahara.yopuedo.pe\/wp-content\/uploads\/2025\/12\/imagen_2025-12-23_160014585-600x510.png 600w\" sizes=\"(max-width: 800px) 100vw, 800px\" \/>\t\t\t\t\t\t\t\t\t\t\t\t\t\t\t<\/div>\n\t\t\t\t<div class=\"elementor-element elementor-element-ae1111c elementor-widget elementor-widget-image\" data-id=\"ae1111c\" data-element_type=\"widget\" data-widget_type=\"image.default\">\n\t\t\t\t\t\t\t\t\t\t\t\t\t\t\t<img loading=\"lazy\" decoding=\"async\" width=\"800\" height=\"680\" src=\"https:\/\/sahara.yopuedo.pe\/wp-content\/uploads\/2025\/12\/imagen_2025-12-23_160034207.png\" class=\"attachment-large size-large wp-image-1877\" alt=\"\" srcset=\"https:\/\/sahara.yopuedo.pe\/wp-content\/uploads\/2025\/12\/imagen_2025-12-23_160034207.png 1000w, https:\/\/sahara.yopuedo.pe\/wp-content\/uploads\/2025\/12\/imagen_2025-12-23_160034207-300x255.png 300w, https:\/\/sahara.yopuedo.pe\/wp-content\/uploads\/2025\/12\/imagen_2025-12-23_160034207-768x653.png 768w, https:\/\/sahara.yopuedo.pe\/wp-content\/uploads\/2025\/12\/imagen_2025-12-23_160034207-600x510.png 600w\" sizes=\"(max-width: 800px) 100vw, 800px\" \/>\t\t\t\t\t\t\t\t\t\t\t\t\t\t\t<\/div>\n\t\t\t\t<div class=\"elementor-element elementor-element-e1344df elementor-widget elementor-widget-image\" data-id=\"e1344df\" data-element_type=\"widget\" data-widget_type=\"image.default\">\n\t\t\t\t\t\t\t\t\t\t\t\t\t\t\t<img loading=\"lazy\" decoding=\"async\" width=\"800\" height=\"680\" src=\"https:\/\/sahara.yopuedo.pe\/wp-content\/uploads\/2025\/12\/imagen_2025-12-23_160108441.png\" class=\"attachment-large size-large wp-image-1878\" alt=\"\" srcset=\"https:\/\/sahara.yopuedo.pe\/wp-content\/uploads\/2025\/12\/imagen_2025-12-23_160108441.png 1000w, https:\/\/sahara.yopuedo.pe\/wp-content\/uploads\/2025\/12\/imagen_2025-12-23_160108441-300x255.png 300w, https:\/\/sahara.yopuedo.pe\/wp-content\/uploads\/2025\/12\/imagen_2025-12-23_160108441-768x653.png 768w, https:\/\/sahara.yopuedo.pe\/wp-content\/uploads\/2025\/12\/imagen_2025-12-23_160108441-600x510.png 600w\" sizes=\"(max-width: 800px) 100vw, 800px\" \/>\t\t\t\t\t\t\t\t\t\t\t\t\t\t\t<\/div>\n\t\t\t\t<div class=\"elementor-element elementor-element-79a62c6 elementor-widget elementor-widget-image\" data-id=\"79a62c6\" data-element_type=\"widget\" data-widget_type=\"image.default\">\n\t\t\t\t\t\t\t\t\t\t\t\t\t\t\t<img loading=\"lazy\" decoding=\"async\" width=\"800\" height=\"680\" src=\"https:\/\/sahara.yopuedo.pe\/wp-content\/uploads\/2025\/12\/imagen_2025-12-23_160147560.png\" class=\"attachment-large size-large wp-image-1879\" alt=\"\" srcset=\"https:\/\/sahara.yopuedo.pe\/wp-content\/uploads\/2025\/12\/imagen_2025-12-23_160147560.png 1000w, https:\/\/sahara.yopuedo.pe\/wp-content\/uploads\/2025\/12\/imagen_2025-12-23_160147560-300x255.png 300w, https:\/\/sahara.yopuedo.pe\/wp-content\/uploads\/2025\/12\/imagen_2025-12-23_160147560-768x653.png 768w, https:\/\/sahara.yopuedo.pe\/wp-content\/uploads\/2025\/12\/imagen_2025-12-23_160147560-600x510.png 600w\" sizes=\"(max-width: 800px) 100vw, 800px\" \/>\t\t\t\t\t\t\t\t\t\t\t\t\t\t\t<\/div>\n\t\t\t\t<div class=\"elementor-element elementor-element-f6c126d elementor-widget elementor-widget-image\" data-id=\"f6c126d\" data-element_type=\"widget\" data-widget_type=\"image.default\">\n\t\t\t\t\t\t\t\t\t\t\t\t\t\t\t<img loading=\"lazy\" decoding=\"async\" width=\"800\" height=\"680\" src=\"https:\/\/sahara.yopuedo.pe\/wp-content\/uploads\/2025\/12\/imagen_2025-12-23_160212026.png\" class=\"attachment-large size-large wp-image-1880\" alt=\"\" srcset=\"https:\/\/sahara.yopuedo.pe\/wp-content\/uploads\/2025\/12\/imagen_2025-12-23_160212026.png 1000w, https:\/\/sahara.yopuedo.pe\/wp-content\/uploads\/2025\/12\/imagen_2025-12-23_160212026-300x255.png 300w, https:\/\/sahara.yopuedo.pe\/wp-content\/uploads\/2025\/12\/imagen_2025-12-23_160212026-768x653.png 768w, https:\/\/sahara.yopuedo.pe\/wp-content\/uploads\/2025\/12\/imagen_2025-12-23_160212026-600x510.png 600w\" sizes=\"(max-width: 800px) 100vw, 800px\" \/>\t\t\t\t\t\t\t\t\t\t\t\t\t\t\t<\/div>\n\t\t\t\t<div class=\"elementor-element elementor-element-f8fefae elementor-widget elementor-widget-image\" data-id=\"f8fefae\" data-element_type=\"widget\" data-widget_type=\"image.default\">\n\t\t\t\t\t\t\t\t\t\t\t\t\t\t\t<img loading=\"lazy\" decoding=\"async\" width=\"800\" height=\"680\" src=\"https:\/\/sahara.yopuedo.pe\/wp-content\/uploads\/2025\/12\/imagen_2025-12-23_160258512.png\" class=\"attachment-large size-large wp-image-1881\" alt=\"\" srcset=\"https:\/\/sahara.yopuedo.pe\/wp-content\/uploads\/2025\/12\/imagen_2025-12-23_160258512.png 1000w, https:\/\/sahara.yopuedo.pe\/wp-content\/uploads\/2025\/12\/imagen_2025-12-23_160258512-300x255.png 300w, https:\/\/sahara.yopuedo.pe\/wp-content\/uploads\/2025\/12\/imagen_2025-12-23_160258512-768x653.png 768w, https:\/\/sahara.yopuedo.pe\/wp-content\/uploads\/2025\/12\/imagen_2025-12-23_160258512-600x510.png 600w\" sizes=\"(max-width: 800px) 100vw, 800px\" \/>\t\t\t\t\t\t\t\t\t\t\t\t\t\t\t<\/div>\n\t\t\t\t<\/div>\n\t\t\t\t\t<\/div>\n\t\t\t\t<\/div>\n\t\t\t\t<\/div>\n\t\t","protected":false},"excerpt":{"rendered":"<p>Paleta de colores definida Combinaciones pensadas para reflejar la personalidad de los novios en cada rinc\u00f3n.\u200b La paleta de colores no es una imposici\u00f3n r\u00edgida, es una gu\u00eda inspiradora Elegir la paleta de colores de tu boda es mucho m\u00e1s que seleccionar tonos bonitos. Es crear un lenguaje visual que cuenta su historia de amor. [&hellip;]<\/p>\n","protected":false},"author":2,"featured_media":0,"parent":0,"menu_order":0,"comment_status":"closed","ping_status":"closed","template":"","meta":{"footnotes":""},"class_list":["post-1663","page","type-page","status-publish","hentry"],"_links":{"self":[{"href":"https:\/\/sahara.yopuedo.pe\/index.php\/wp-json\/wp\/v2\/pages\/1663","targetHints":{"allow":["GET"]}}],"collection":[{"href":"https:\/\/sahara.yopuedo.pe\/index.php\/wp-json\/wp\/v2\/pages"}],"about":[{"href":"https:\/\/sahara.yopuedo.pe\/index.php\/wp-json\/wp\/v2\/types\/page"}],"author":[{"embeddable":true,"href":"https:\/\/sahara.yopuedo.pe\/index.php\/wp-json\/wp\/v2\/users\/2"}],"replies":[{"embeddable":true,"href":"https:\/\/sahara.yopuedo.pe\/index.php\/wp-json\/wp\/v2\/comments?post=1663"}],"version-history":[{"count":10,"href":"https:\/\/sahara.yopuedo.pe\/index.php\/wp-json\/wp\/v2\/pages\/1663\/revisions"}],"predecessor-version":[{"id":1884,"href":"https:\/\/sahara.yopuedo.pe\/index.php\/wp-json\/wp\/v2\/pages\/1663\/revisions\/1884"}],"wp:attachment":[{"href":"https:\/\/sahara.yopuedo.pe\/index.php\/wp-json\/wp\/v2\/media?parent=1663"}],"curies":[{"name":"wp","href":"https:\/\/api.w.org\/{rel}","templated":true}]}}