{"id":1613,"date":"2025-12-22T02:08:59","date_gmt":"2025-12-22T07:08:59","guid":{"rendered":"https:\/\/sahara.yopuedo.pe\/?page_id=1613"},"modified":"2025-12-23T01:43:36","modified_gmt":"2025-12-23T06:43:36","slug":"cuidados-de-vestido-de-novia-blog","status":"publish","type":"page","link":"https:\/\/sahara.yopuedo.pe\/index.php\/cuidados-de-vestido-de-novia-blog\/","title":{"rendered":"Cuidados de Vestido de novia &#8211; Blog"},"content":{"rendered":"\t\t<div data-elementor-type=\"wp-page\" data-elementor-id=\"1613\" class=\"elementor elementor-1613\" data-elementor-post-type=\"page\">\n\t\t\t\t<div class=\"elementor-element elementor-element-f27b052 e-con-full e-flex e-con e-parent\" data-id=\"f27b052\" data-element_type=\"container\" data-settings=\"{&quot;background_background&quot;:&quot;classic&quot;}\">\n\t\t\t\t<div class=\"elementor-element elementor-element-54914b3 elementor-widget elementor-widget-text-editor\" data-id=\"54914b3\" data-element_type=\"widget\" data-widget_type=\"text-editor.default\">\n\t\t\t\t\t\t\t\t\t<p>BRIDAL COUTURE<\/p>\t\t\t\t\t\t\t\t<\/div>\n\t\t\t\t<div class=\"elementor-element elementor-element-cff1ded elementor-widget elementor-widget-text-editor\" data-id=\"cff1ded\" data-element_type=\"widget\" data-widget_type=\"text-editor.default\">\n\t\t\t\t\t\t\t\t\t<p>Elegancia que te encuentra.<br \/>Dise\u00f1o que te refleja.<\/p>\t\t\t\t\t\t\t\t<\/div>\n\t\t\t\t<div class=\"elementor-element elementor-element-e5b5acf elementor-widget elementor-widget-button\" data-id=\"e5b5acf\" data-element_type=\"widget\" data-widget_type=\"button.default\">\n\t\t\t\t\t\t\t\t\t\t<a class=\"elementor-button elementor-button-link elementor-size-sm\" href=\"#\">\n\t\t\t\t\t\t<span class=\"elementor-button-content-wrapper\">\n\t\t\t\t\t\t\t\t\t<span class=\"elementor-button-text\">ASESORAMIENTO<\/span>\n\t\t\t\t\t<\/span>\n\t\t\t\t\t<\/a>\n\t\t\t\t\t\t\t\t<\/div>\n\t\t\t\t<\/div>\n\t\t<div class=\"elementor-element elementor-element-7e9be8a e-flex e-con-boxed e-con e-parent\" data-id=\"7e9be8a\" data-element_type=\"container\">\n\t\t\t\t\t<div class=\"e-con-inner\">\n\t\t\t\t<div class=\"elementor-element elementor-element-8ef2063 elementor-widget elementor-widget-heading\" data-id=\"8ef2063\" data-element_type=\"widget\" data-widget_type=\"heading.default\">\n\t\t\t\t\t<h2 class=\"elementor-heading-title elementor-size-default\">22 de Diciembre, 2025<\/h2>\t\t\t\t<\/div>\n\t\t\t\t<div class=\"elementor-element elementor-element-d8bae4d elementor-widget elementor-widget-heading\" data-id=\"d8bae4d\" data-element_type=\"widget\" data-widget_type=\"heading.default\">\n\t\t\t\t\t<h2 class=\"elementor-heading-title elementor-size-default\">Cuidados del vestido de novia<\/h2>\t\t\t\t<\/div>\n\t\t\t\t<div class=\"elementor-element elementor-element-9802ddd elementor-widget elementor-widget-text-editor\" data-id=\"9802ddd\" data-element_type=\"widget\" data-widget_type=\"text-editor.default\">\n\t\t\t\t\t\t\t\t\t<p>Tu vestido de novia es mucho m\u00e1s que una prenda: es el s\u00edmbolo de uno de los d\u00edas m\u00e1s importantes de tu vida. <br \/>En SAHARA, entendemos el valor sentimental y la belleza que representa cada puntada, cada detalle bordado. <br \/>Por ello, queremos compartir contigo los cuidados esenciales para mantener tu vestido impecable, tanto antes como despu\u00e9s de tu gran d\u00eda.<\/p>\t\t\t\t\t\t\t\t<\/div>\n\t\t\t\t\t<\/div>\n\t\t\t\t<\/div>\n\t\t<div class=\"elementor-element elementor-element-8fe767a e-flex e-con-boxed e-con e-parent\" data-id=\"8fe767a\" data-element_type=\"container\">\n\t\t\t\t\t<div class=\"e-con-inner\">\n\t\t\t\t<div class=\"elementor-element elementor-element-7f38709 elementor-widget elementor-widget-heading\" data-id=\"7f38709\" data-element_type=\"widget\" data-widget_type=\"heading.default\">\n\t\t\t\t\t<h2 class=\"elementor-heading-title elementor-size-default\">Antes de la boda<\/h2>\t\t\t\t<\/div>\n\t\t\t\t<div class=\"elementor-element elementor-element-a8e1c8a elementor-widget elementor-widget-text-editor\" data-id=\"a8e1c8a\" data-element_type=\"widget\" data-widget_type=\"text-editor.default\">\n\t\t\t\t\t\t\t\t\t<p>El cuidado de tu vestido comienza desde el momento en que lo recibes. Gu\u00e1rdalo en su funda de protecci\u00f3n original, colgado en un lugar fresco y seco, alejado de la luz directa del sol. Evita las \u00e1reas con humedad excesiva que puedan afectar las telas delicadas.<br \/>Una semana antes de tu boda, revisa cuidadosamente cada detalle. Si notas alguna arruga, conf\u00eda \u00fanicamente en profesionales especializados en vestidos de novia. El planchado requiere t\u00e9cnicas espec\u00edficas seg\u00fan el tipo de tela y los adornos que tenga tu vestido<\/p>\t\t\t\t\t\t\t\t<\/div>\n\t\t\t\t\t<\/div>\n\t\t\t\t<\/div>\n\t\t<div class=\"elementor-element elementor-element-7f6fdef e-flex e-con-boxed e-con e-parent\" data-id=\"7f6fdef\" data-element_type=\"container\">\n\t\t\t\t\t<div class=\"e-con-inner\">\n\t\t\t\t<div class=\"elementor-element elementor-element-3348118 elementor-widget elementor-widget-heading\" data-id=\"3348118\" data-element_type=\"widget\" data-widget_type=\"heading.default\">\n\t\t\t\t\t<h2 class=\"elementor-heading-title elementor-size-default\">Durante la Celebraci\u00f3n<\/h2>\t\t\t\t<\/div>\n\t\t\t\t<div class=\"elementor-element elementor-element-77f8cc7 elementor-widget elementor-widget-text-editor\" data-id=\"77f8cc7\" data-element_type=\"widget\" data-widget_type=\"text-editor.default\">\n\t\t\t\t\t\t\t\t\t<p>El d\u00eda de tu boda, designa a una persona de confianza como guardiana de tu vestido!<br \/>Esta persona ser\u00e1 responsable de ayudarte en el ba\u00f1o, sostener la cola durante tus desplazamientos y estar atenta a cualquier situaci\u00f3n que pueda comprometer la integridad del vestido.<br \/>Recuerda que el vestido de novia est\u00e1 expuesto a movimientos constantes, contacto con diferentes superficies y largas horas de uso, por lo que es fundamental tomar ciertas precauciones para mantenerlo en buen estado. Se recomienda caminar con cuidado, especialmente en espacios abiertos o con escaleras, levantando ligeramente la falda para evitar que se arrastre y se ensucie o enganche<\/p>\t\t\t\t\t\t\t\t<\/div>\n\t\t\t\t\t<\/div>\n\t\t\t\t<\/div>\n\t\t<div class=\"elementor-element elementor-element-b352720 e-flex e-con-boxed e-con e-parent\" data-id=\"b352720\" data-element_type=\"container\">\n\t\t\t\t\t<div class=\"e-con-inner\">\n\t\t\t\t<div class=\"elementor-element elementor-element-b0ec781 elementor-widget__width-initial elementor-view-default elementor-widget elementor-widget-icon\" data-id=\"b0ec781\" data-element_type=\"widget\" data-widget_type=\"icon.default\">\n\t\t\t\t\t\t\t<div class=\"elementor-icon-wrapper\">\n\t\t\t<div class=\"elementor-icon\">\n\t\t\t<svg aria-hidden=\"true\" class=\"e-font-icon-svg e-fas-exclamation-circle\" viewBox=\"0 0 512 512\" xmlns=\"http:\/\/www.w3.org\/2000\/svg\"><path d=\"M504 256c0 136.997-111.043 248-248 248S8 392.997 8 256C8 119.083 119.043 8 256 8s248 111.083 248 248zm-248 50c-25.405 0-46 20.595-46 46s20.595 46 46 46 46-20.595 46-46-20.595-46-46-46zm-43.673-165.346l7.418 136c.347 6.364 5.609 11.346 11.982 11.346h48.546c6.373 0 11.635-4.982 11.982-11.346l7.418-136c.375-6.874-5.098-12.654-11.982-12.654h-63.383c-6.884 0-12.356 5.78-11.981 12.654z\"><\/path><\/svg>\t\t\t<\/div>\n\t\t<\/div>\n\t\t\t\t\t\t<\/div>\n\t\t\t\t<div class=\"elementor-element elementor-element-ca0fb0d elementor-widget elementor-widget-text-editor\" data-id=\"ca0fb0d\" data-element_type=\"widget\" data-widget_type=\"text-editor.default\">\n\t\t\t\t\t\t\t\t\t<p>Aplica tu perfume y maquillaje antes de ponerte el vestido. Las fragancias y cosm\u00e9ticos pueden dejar manchas permanentes en las telas delicadas, especialmente en la seda y el sat\u00e9n.<\/p>\t\t\t\t\t\t\t\t<\/div>\n\t\t\t\t\t<\/div>\n\t\t\t\t<\/div>\n\t\t<div class=\"elementor-element elementor-element-e018365 e-flex e-con-boxed e-con e-parent\" data-id=\"e018365\" data-element_type=\"container\">\n\t\t\t\t\t<div class=\"e-con-inner\">\n\t\t\t\t<div class=\"elementor-element elementor-element-1ceb015 elementor-widget elementor-widget-heading\" data-id=\"1ceb015\" data-element_type=\"widget\" data-widget_type=\"heading.default\">\n\t\t\t\t\t<h2 class=\"elementor-heading-title elementor-size-default\">Despu\u00e9s de la boda<\/h2>\t\t\t\t<\/div>\n\t\t\t\t<div class=\"elementor-element elementor-element-24de5fb elementor-widget elementor-widget-text-editor\" data-id=\"24de5fb\" data-element_type=\"widget\" data-widget_type=\"text-editor.default\">\n\t\t\t\t\t\t\t\t\t<p>No dejes pasar mucho tiempo. Los primeros d\u00edas despu\u00e9s de tu boda son cruciales. <br \/>Las manchas invisibles, como las de champagne o sudor, se oxidan con el tiempo y se vuelven permanentes. Lleva tu vestido a una tintorer\u00eda especializada en vestidos de novia lo antes posible.<br \/>Menciona espec\u00edficamente cada mancha que recuerdes: vino, maquillaje. Los profesionales necesitan esta informaci\u00f3n para aplicar los tratamientos adecuados a cada tipo de mancha.<\/p>\t\t\t\t\t\t\t\t<\/div>\n\t\t\t\t\t<\/div>\n\t\t\t\t<\/div>\n\t\t<div class=\"elementor-element elementor-element-9b05769 e-flex e-con-boxed e-con e-parent\" data-id=\"9b05769\" data-element_type=\"container\">\n\t\t\t\t\t<div class=\"e-con-inner\">\n\t\t\t\t<div class=\"elementor-element elementor-element-05376cd elementor-widget elementor-widget-heading\" data-id=\"05376cd\" data-element_type=\"widget\" data-widget_type=\"heading.default\">\n\t\t\t\t\t<h2 class=\"elementor-heading-title elementor-size-default\">Almacenamiento a largo plazo<\/h2>\t\t\t\t<\/div>\n\t\t\t\t<div class=\"elementor-element elementor-element-8d03682 elementor-widget elementor-widget-text-editor\" data-id=\"8d03682\" data-element_type=\"widget\" data-widget_type=\"text-editor.default\">\n\t\t\t\t\t\t\t\t\t<p>Para preservar tu vestido durante a\u00f1os, solicita un servicio de preservaci\u00f3n profesional.<br \/>Guarda la caja en un lugar con temperatura estable, alejado de la humedad, el calor extremo y la luz solar. <br \/>Evita el \u00e1tico o el s\u00f3tano; el armario de tu habitaci\u00f3n es ideal. Cada dos a\u00f1os, verifica que el vestido se mantenga en perfectas condiciones.<br \/>No uses perchas de alambre, no guardes el vestido en bolsas de pl\u00e1stico comunes, no lo expongas a luz directa prolongada, y nunca intentes limpiar manchas t\u00fa misma con productos caseros. Estos errores pueden causar da\u00f1os irreversibles en las telas y bordados delicados.<\/p>\t\t\t\t\t\t\t\t<\/div>\n\t\t\t\t\t<\/div>\n\t\t\t\t<\/div>\n\t\t\t\t<\/div>\n\t\t","protected":false},"excerpt":{"rendered":"<p>BRIDAL COUTURE Elegancia que te encuentra.Dise\u00f1o que te refleja. ASESORAMIENTO 22 de Diciembre, 2025 Cuidados del vestido de novia Tu vestido de novia es mucho m\u00e1s que una prenda: es el s\u00edmbolo de uno de los d\u00edas m\u00e1s importantes de tu vida. En SAHARA, entendemos el valor sentimental y la belleza que representa cada puntada, [&hellip;]<\/p>\n","protected":false},"author":2,"featured_media":0,"parent":0,"menu_order":0,"comment_status":"closed","ping_status":"closed","template":"","meta":{"footnotes":""},"class_list":["post-1613","page","type-page","status-publish","hentry"],"_links":{"self":[{"href":"https:\/\/sahara.yopuedo.pe\/index.php\/wp-json\/wp\/v2\/pages\/1613","targetHints":{"allow":["GET"]}}],"collection":[{"href":"https:\/\/sahara.yopuedo.pe\/index.php\/wp-json\/wp\/v2\/pages"}],"about":[{"href":"https:\/\/sahara.yopuedo.pe\/index.php\/wp-json\/wp\/v2\/types\/page"}],"author":[{"embeddable":true,"href":"https:\/\/sahara.yopuedo.pe\/index.php\/wp-json\/wp\/v2\/users\/2"}],"replies":[{"embeddable":true,"href":"https:\/\/sahara.yopuedo.pe\/index.php\/wp-json\/wp\/v2\/comments?post=1613"}],"version-history":[{"count":17,"href":"https:\/\/sahara.yopuedo.pe\/index.php\/wp-json\/wp\/v2\/pages\/1613\/revisions"}],"predecessor-version":[{"id":1857,"href":"https:\/\/sahara.yopuedo.pe\/index.php\/wp-json\/wp\/v2\/pages\/1613\/revisions\/1857"}],"wp:attachment":[{"href":"https:\/\/sahara.yopuedo.pe\/index.php\/wp-json\/wp\/v2\/media?parent=1613"}],"curies":[{"name":"wp","href":"https:\/\/api.w.org\/{rel}","templated":true}]}}