{"id":1475,"date":"2025-12-21T22:13:07","date_gmt":"2025-12-22T03:13:07","guid":{"rendered":"https:\/\/sahara.yopuedo.pe\/?page_id=1475"},"modified":"2025-12-23T17:27:59","modified_gmt":"2025-12-23T22:27:59","slug":"rustica-y-natura","status":"publish","type":"page","link":"https:\/\/sahara.yopuedo.pe\/index.php\/rustica-y-natura\/","title":{"rendered":"R\u00daSTICA Y NATURA"},"content":{"rendered":"\t\t<div data-elementor-type=\"wp-page\" data-elementor-id=\"1475\" class=\"elementor elementor-1475\" data-elementor-post-type=\"page\">\n\t\t\t\t<div class=\"elementor-element elementor-element-b304b7b e-con-full e-flex e-con e-parent\" data-id=\"b304b7b\" data-element_type=\"container\" data-settings=\"{&quot;background_background&quot;:&quot;classic&quot;}\">\n\t\t\t\t<div class=\"elementor-element elementor-element-8291e30 elementor-widget elementor-widget-text-editor\" data-id=\"8291e30\" data-element_type=\"widget\" data-widget_type=\"text-editor.default\">\n\t\t\t\t\t\t\t\t\t<p>R\u00fastica y natura<\/p>\t\t\t\t\t\t\t\t<\/div>\n\t\t\t\t<div class=\"elementor-element elementor-element-01386a6 elementor-widget elementor-widget-text-editor\" data-id=\"01386a6\" data-element_type=\"widget\" data-widget_type=\"text-editor.default\">\n\t\t\t\t\t\t\t\t\t<p>Materiales como madera y lino, tonos tierra y una conexi\u00f3n especial con la naturaleza.<\/p>\t\t\t\t\t\t\t\t<\/div>\n\t\t\t\t<\/div>\n\t\t<div class=\"elementor-element elementor-element-35ef248 e-flex e-con-boxed e-con e-parent\" data-id=\"35ef248\" data-element_type=\"container\">\n\t\t\t\t\t<div class=\"e-con-inner\">\n\t\t\t\t<div class=\"elementor-element elementor-element-9b0b13b elementor-widget elementor-widget-text-editor\" data-id=\"9b0b13b\" data-element_type=\"widget\" data-widget_type=\"text-editor.default\">\n\t\t\t\t\t\t\t\t\t<p>Un estilo que conecta con la naturaleza, donde los materiales nobles, los tonos tierra y los detalles<\/p><p>org\u00e1nicos crean un ambiente c\u00e1lido y aut\u00e9ntico<\/p>\t\t\t\t\t\t\t\t<\/div>\n\t\t\t\t<div class=\"elementor-element elementor-element-670e799 elementor-widget elementor-widget-text-editor\" data-id=\"670e799\" data-element_type=\"widget\" data-widget_type=\"text-editor.default\">\n\t\t\t\t\t\t\t\t\t<p data-start=\"268\" data-end=\"717\">Este espacio se inspira en la esencia de lo r\u00fastico y lo natural, resaltando la belleza de los materiales en su estado m\u00e1s puro. La madera, las texturas org\u00e1nicas y los colores c\u00e1lidos se combinan para crear una atm\u00f3sfera acogedora y cercana, ideal para una boda \u00edntima y llena de significado. Cada detalle aporta una sensaci\u00f3n de tranquilidad y conexi\u00f3n con el entorno, haciendo que el lugar se sienta aut\u00e9ntico y lleno de vida.<\/p><p data-start=\"719\" data-end=\"900\" data-is-last-node=\"\" data-is-only-node=\"\">M\u00e1s que un escenario, es un espacio que invita a disfrutar de lo simple, lo natural y lo genuino, creando momentos especiales en un ambiente c\u00e1lido, relajado y profundamente humano<\/p>\t\t\t\t\t\t\t\t<\/div>\n\t\t<div class=\"elementor-element elementor-element-38678b8 e-grid e-con-full e-con e-child\" data-id=\"38678b8\" data-element_type=\"container\">\n\t\t\t\t<div class=\"elementor-element elementor-element-2f6202e elementor-widget elementor-widget-image\" data-id=\"2f6202e\" data-element_type=\"widget\" data-widget_type=\"image.default\">\n\t\t\t\t\t\t\t\t\t\t\t\t\t\t\t<img fetchpriority=\"high\" decoding=\"async\" width=\"800\" height=\"533\" src=\"https:\/\/sahara.yopuedo.pe\/wp-content\/uploads\/2025\/12\/imagen_2025-12-23_172156507-1024x682.png\" class=\"attachment-large size-large wp-image-1954\" alt=\"\" srcset=\"https:\/\/sahara.yopuedo.pe\/wp-content\/uploads\/2025\/12\/imagen_2025-12-23_172156507-1024x682.png 1024w, https:\/\/sahara.yopuedo.pe\/wp-content\/uploads\/2025\/12\/imagen_2025-12-23_172156507-300x200.png 300w, https:\/\/sahara.yopuedo.pe\/wp-content\/uploads\/2025\/12\/imagen_2025-12-23_172156507-768x511.png 768w, https:\/\/sahara.yopuedo.pe\/wp-content\/uploads\/2025\/12\/imagen_2025-12-23_172156507-600x399.png 600w, https:\/\/sahara.yopuedo.pe\/wp-content\/uploads\/2025\/12\/imagen_2025-12-23_172156507.png 1280w\" sizes=\"(max-width: 800px) 100vw, 800px\" \/>\t\t\t\t\t\t\t\t\t\t\t\t\t\t\t<\/div>\n\t\t\t\t<div class=\"elementor-element elementor-element-0d64fa3 elementor-widget elementor-widget-image\" data-id=\"0d64fa3\" data-element_type=\"widget\" data-widget_type=\"image.default\">\n\t\t\t\t\t\t\t\t\t\t\t\t\t\t\t<img decoding=\"async\" width=\"800\" height=\"534\" src=\"https:\/\/sahara.yopuedo.pe\/wp-content\/uploads\/2025\/12\/imagen_2025-12-23_172233605-1024x683.png\" class=\"attachment-large size-large wp-image-1955\" alt=\"\" srcset=\"https:\/\/sahara.yopuedo.pe\/wp-content\/uploads\/2025\/12\/imagen_2025-12-23_172233605-1024x683.png 1024w, https:\/\/sahara.yopuedo.pe\/wp-content\/uploads\/2025\/12\/imagen_2025-12-23_172233605-300x200.png 300w, https:\/\/sahara.yopuedo.pe\/wp-content\/uploads\/2025\/12\/imagen_2025-12-23_172233605-768x512.png 768w, https:\/\/sahara.yopuedo.pe\/wp-content\/uploads\/2025\/12\/imagen_2025-12-23_172233605-600x400.png 600w, https:\/\/sahara.yopuedo.pe\/wp-content\/uploads\/2025\/12\/imagen_2025-12-23_172233605.png 1200w\" sizes=\"(max-width: 800px) 100vw, 800px\" \/>\t\t\t\t\t\t\t\t\t\t\t\t\t\t\t<\/div>\n\t\t\t\t<div class=\"elementor-element elementor-element-3e59e43 elementor-widget elementor-widget-image\" data-id=\"3e59e43\" data-element_type=\"widget\" data-widget_type=\"image.default\">\n\t\t\t\t\t\t\t\t\t\t\t\t\t\t\t<img decoding=\"async\" width=\"600\" height=\"399\" src=\"https:\/\/sahara.yopuedo.pe\/wp-content\/uploads\/2025\/12\/imagen_2025-12-23_172244280.png\" class=\"attachment-large size-large wp-image-1956\" alt=\"\" srcset=\"https:\/\/sahara.yopuedo.pe\/wp-content\/uploads\/2025\/12\/imagen_2025-12-23_172244280.png 600w, https:\/\/sahara.yopuedo.pe\/wp-content\/uploads\/2025\/12\/imagen_2025-12-23_172244280-300x200.png 300w\" sizes=\"(max-width: 600px) 100vw, 600px\" \/>\t\t\t\t\t\t\t\t\t\t\t\t\t\t\t<\/div>\n\t\t\t\t<div class=\"elementor-element elementor-element-8f8e697 elementor-widget elementor-widget-image\" data-id=\"8f8e697\" data-element_type=\"widget\" data-widget_type=\"image.default\">\n\t\t\t\t\t\t\t\t\t\t\t\t\t\t\t<img loading=\"lazy\" decoding=\"async\" width=\"800\" height=\"534\" src=\"https:\/\/sahara.yopuedo.pe\/wp-content\/uploads\/2025\/12\/imagen_2025-12-23_172255731-1024x684.png\" class=\"attachment-large size-large wp-image-1957\" alt=\"\" srcset=\"https:\/\/sahara.yopuedo.pe\/wp-content\/uploads\/2025\/12\/imagen_2025-12-23_172255731-1024x684.png 1024w, https:\/\/sahara.yopuedo.pe\/wp-content\/uploads\/2025\/12\/imagen_2025-12-23_172255731-300x200.png 300w, https:\/\/sahara.yopuedo.pe\/wp-content\/uploads\/2025\/12\/imagen_2025-12-23_172255731-768x513.png 768w, https:\/\/sahara.yopuedo.pe\/wp-content\/uploads\/2025\/12\/imagen_2025-12-23_172255731-600x401.png 600w, https:\/\/sahara.yopuedo.pe\/wp-content\/uploads\/2025\/12\/imagen_2025-12-23_172255731.png 1280w\" sizes=\"(max-width: 800px) 100vw, 800px\" \/>\t\t\t\t\t\t\t\t\t\t\t\t\t\t\t<\/div>\n\t\t\t\t<div class=\"elementor-element elementor-element-5cbed9d elementor-widget elementor-widget-image\" data-id=\"5cbed9d\" data-element_type=\"widget\" data-widget_type=\"image.default\">\n\t\t\t\t\t\t\t\t\t\t\t\t\t\t\t<img loading=\"lazy\" decoding=\"async\" width=\"620\" height=\"427\" src=\"https:\/\/sahara.yopuedo.pe\/wp-content\/uploads\/2025\/12\/imagen_2025-12-23_172305656.png\" class=\"attachment-large size-large wp-image-1958\" alt=\"\" srcset=\"https:\/\/sahara.yopuedo.pe\/wp-content\/uploads\/2025\/12\/imagen_2025-12-23_172305656.png 620w, https:\/\/sahara.yopuedo.pe\/wp-content\/uploads\/2025\/12\/imagen_2025-12-23_172305656-300x207.png 300w, https:\/\/sahara.yopuedo.pe\/wp-content\/uploads\/2025\/12\/imagen_2025-12-23_172305656-600x413.png 600w\" sizes=\"(max-width: 620px) 100vw, 620px\" \/>\t\t\t\t\t\t\t\t\t\t\t\t\t\t\t<\/div>\n\t\t\t\t<div class=\"elementor-element elementor-element-1d9cab9 elementor-widget elementor-widget-image\" data-id=\"1d9cab9\" data-element_type=\"widget\" data-widget_type=\"image.default\">\n\t\t\t\t\t\t\t\t\t\t\t\t\t\t\t<img loading=\"lazy\" decoding=\"async\" width=\"800\" height=\"450\" src=\"https:\/\/sahara.yopuedo.pe\/wp-content\/uploads\/2025\/12\/imagen_2025-12-23_172316134-1024x576.png\" class=\"attachment-large size-large wp-image-1959\" alt=\"\" srcset=\"https:\/\/sahara.yopuedo.pe\/wp-content\/uploads\/2025\/12\/imagen_2025-12-23_172316134-1024x576.png 1024w, https:\/\/sahara.yopuedo.pe\/wp-content\/uploads\/2025\/12\/imagen_2025-12-23_172316134-300x169.png 300w, https:\/\/sahara.yopuedo.pe\/wp-content\/uploads\/2025\/12\/imagen_2025-12-23_172316134-768x432.png 768w, https:\/\/sahara.yopuedo.pe\/wp-content\/uploads\/2025\/12\/imagen_2025-12-23_172316134-1536x864.png 1536w, https:\/\/sahara.yopuedo.pe\/wp-content\/uploads\/2025\/12\/imagen_2025-12-23_172316134-600x338.png 600w, https:\/\/sahara.yopuedo.pe\/wp-content\/uploads\/2025\/12\/imagen_2025-12-23_172316134.png 1920w\" sizes=\"(max-width: 800px) 100vw, 800px\" \/>\t\t\t\t\t\t\t\t\t\t\t\t\t\t\t<\/div>\n\t\t\t\t<div class=\"elementor-element elementor-element-d9d40d3 elementor-widget elementor-widget-image\" data-id=\"d9d40d3\" data-element_type=\"widget\" data-widget_type=\"image.default\">\n\t\t\t\t\t\t\t\t\t\t\t\t\t\t\t<img loading=\"lazy\" decoding=\"async\" width=\"800\" height=\"534\" src=\"https:\/\/sahara.yopuedo.pe\/wp-content\/uploads\/2025\/12\/imagen_2025-12-23_172332197-1024x684.png\" class=\"attachment-large size-large wp-image-1960\" alt=\"\" srcset=\"https:\/\/sahara.yopuedo.pe\/wp-content\/uploads\/2025\/12\/imagen_2025-12-23_172332197-1024x684.png 1024w, https:\/\/sahara.yopuedo.pe\/wp-content\/uploads\/2025\/12\/imagen_2025-12-23_172332197-300x200.png 300w, https:\/\/sahara.yopuedo.pe\/wp-content\/uploads\/2025\/12\/imagen_2025-12-23_172332197-768x513.png 768w, https:\/\/sahara.yopuedo.pe\/wp-content\/uploads\/2025\/12\/imagen_2025-12-23_172332197-600x401.png 600w, https:\/\/sahara.yopuedo.pe\/wp-content\/uploads\/2025\/12\/imagen_2025-12-23_172332197.png 1280w\" sizes=\"(max-width: 800px) 100vw, 800px\" \/>\t\t\t\t\t\t\t\t\t\t\t\t\t\t\t<\/div>\n\t\t\t\t<div class=\"elementor-element elementor-element-34a4c7e elementor-widget elementor-widget-image\" data-id=\"34a4c7e\" data-element_type=\"widget\" data-widget_type=\"image.default\">\n\t\t\t\t\t\t\t\t\t\t\t\t\t\t\t<img loading=\"lazy\" decoding=\"async\" width=\"730\" height=\"430\" src=\"https:\/\/sahara.yopuedo.pe\/wp-content\/uploads\/2025\/12\/imagen_2025-12-23_172349568.png\" class=\"attachment-large size-large wp-image-1961\" alt=\"\" srcset=\"https:\/\/sahara.yopuedo.pe\/wp-content\/uploads\/2025\/12\/imagen_2025-12-23_172349568.png 730w, https:\/\/sahara.yopuedo.pe\/wp-content\/uploads\/2025\/12\/imagen_2025-12-23_172349568-300x177.png 300w, https:\/\/sahara.yopuedo.pe\/wp-content\/uploads\/2025\/12\/imagen_2025-12-23_172349568-600x353.png 600w\" sizes=\"(max-width: 730px) 100vw, 730px\" \/>\t\t\t\t\t\t\t\t\t\t\t\t\t\t\t<\/div>\n\t\t\t\t<div class=\"elementor-element elementor-element-5612217 elementor-widget elementor-widget-image\" data-id=\"5612217\" data-element_type=\"widget\" data-widget_type=\"image.default\">\n\t\t\t\t\t\t\t\t\t\t\t\t\t\t\t<img loading=\"lazy\" decoding=\"async\" width=\"800\" height=\"533\" src=\"https:\/\/sahara.yopuedo.pe\/wp-content\/uploads\/2025\/12\/imagen_2025-12-23_172408703.png\" class=\"attachment-large size-large wp-image-1968\" alt=\"\" srcset=\"https:\/\/sahara.yopuedo.pe\/wp-content\/uploads\/2025\/12\/imagen_2025-12-23_172408703.png 972w, https:\/\/sahara.yopuedo.pe\/wp-content\/uploads\/2025\/12\/imagen_2025-12-23_172408703-300x200.png 300w, https:\/\/sahara.yopuedo.pe\/wp-content\/uploads\/2025\/12\/imagen_2025-12-23_172408703-768x512.png 768w, https:\/\/sahara.yopuedo.pe\/wp-content\/uploads\/2025\/12\/imagen_2025-12-23_172408703-600x400.png 600w\" sizes=\"(max-width: 800px) 100vw, 800px\" \/>\t\t\t\t\t\t\t\t\t\t\t\t\t\t\t<\/div>\n\t\t\t\t<\/div>\n\t\t\t\t\t<\/div>\n\t\t\t\t<\/div>\n\t\t\t\t<\/div>\n\t\t","protected":false},"excerpt":{"rendered":"<p>R\u00fastica y natura Materiales como madera y lino, tonos tierra y una conexi\u00f3n especial con la naturaleza. Un estilo que conecta con la naturaleza, donde los materiales nobles, los tonos tierra y los detalles org\u00e1nicos crean un ambiente c\u00e1lido y aut\u00e9ntico Este espacio se inspira en la esencia de lo r\u00fastico y lo natural, resaltando [&hellip;]<\/p>\n","protected":false},"author":3,"featured_media":0,"parent":0,"menu_order":0,"comment_status":"closed","ping_status":"closed","template":"","meta":{"footnotes":""},"class_list":["post-1475","page","type-page","status-publish","hentry"],"_links":{"self":[{"href":"https:\/\/sahara.yopuedo.pe\/index.php\/wp-json\/wp\/v2\/pages\/1475","targetHints":{"allow":["GET"]}}],"collection":[{"href":"https:\/\/sahara.yopuedo.pe\/index.php\/wp-json\/wp\/v2\/pages"}],"about":[{"href":"https:\/\/sahara.yopuedo.pe\/index.php\/wp-json\/wp\/v2\/types\/page"}],"author":[{"embeddable":true,"href":"https:\/\/sahara.yopuedo.pe\/index.php\/wp-json\/wp\/v2\/users\/3"}],"replies":[{"embeddable":true,"href":"https:\/\/sahara.yopuedo.pe\/index.php\/wp-json\/wp\/v2\/comments?post=1475"}],"version-history":[{"count":10,"href":"https:\/\/sahara.yopuedo.pe\/index.php\/wp-json\/wp\/v2\/pages\/1475\/revisions"}],"predecessor-version":[{"id":1971,"href":"https:\/\/sahara.yopuedo.pe\/index.php\/wp-json\/wp\/v2\/pages\/1475\/revisions\/1971"}],"wp:attachment":[{"href":"https:\/\/sahara.yopuedo.pe\/index.php\/wp-json\/wp\/v2\/media?parent=1475"}],"curies":[{"name":"wp","href":"https:\/\/api.w.org\/{rel}","templated":true}]}}