{"id":1471,"date":"2025-12-21T19:26:27","date_gmt":"2025-12-22T00:26:27","guid":{"rendered":"https:\/\/sahara.yopuedo.pe\/?page_id=1471"},"modified":"2025-12-23T17:09:04","modified_gmt":"2025-12-23T22:09:04","slug":"boho-romantica","status":"publish","type":"page","link":"https:\/\/sahara.yopuedo.pe\/index.php\/boho-romantica\/","title":{"rendered":"BOHO ROM\u00c1NTICA"},"content":{"rendered":"\t\t<div data-elementor-type=\"wp-page\" data-elementor-id=\"1471\" class=\"elementor elementor-1471\" data-elementor-post-type=\"page\">\n\t\t\t\t<div class=\"elementor-element elementor-element-355af43 e-con-full e-flex e-con e-parent\" data-id=\"355af43\" data-element_type=\"container\" data-settings=\"{&quot;background_background&quot;:&quot;classic&quot;}\">\n\t\t\t\t<div class=\"elementor-element elementor-element-36c2bc7 elementor-widget elementor-widget-text-editor\" data-id=\"36c2bc7\" data-element_type=\"widget\" data-widget_type=\"text-editor.default\">\n\t\t\t\t\t\t\t\t\t<p>Boho rom\u00e1ntica<\/p>\t\t\t\t\t\t\t\t<\/div>\n\t\t\t\t<div class=\"elementor-element elementor-element-6fbe02d elementor-widget elementor-widget-text-editor\" data-id=\"6fbe02d\" data-element_type=\"widget\" data-widget_type=\"text-editor.default\">\n\t\t\t\t\t\t\t\t\t<p>Espacios relajados, flores silvestres y texturas naturales que transmiten libertad y calidez.<\/p>\t\t\t\t\t\t\t\t<\/div>\n\t\t\t\t<\/div>\n\t\t<div class=\"elementor-element elementor-element-6d6dc9b e-flex e-con-boxed e-con e-parent\" data-id=\"6d6dc9b\" data-element_type=\"container\">\n\t\t\t\t\t<div class=\"e-con-inner\">\n\t\t\t\t<div class=\"elementor-element elementor-element-0f176f7 elementor-widget elementor-widget-text-editor\" data-id=\"0f176f7\" data-element_type=\"widget\" data-widget_type=\"text-editor.default\">\n\t\t\t\t\t\t\t\t\t<div class=\"flex flex-col text-sm pb-25\"><article class=\"text-token-text-primary w-full focus:outline-none [--shadow-height:45px] has-data-writing-block:pointer-events-none has-data-writing-block:-mt-(--shadow-height) has-data-writing-block:pt-(--shadow-height) [&amp;:has([data-writing-block])&gt;*]:pointer-events-auto scroll-mt-[calc(var(--header-height)+min(200px,max(70px,20svh)))]\" dir=\"auto\" tabindex=\"-1\" data-turn-id=\"request-WEB:57435c7e-5a5b-439d-8bb0-f44745c138ed-16\" data-testid=\"conversation-turn-28\" data-scroll-anchor=\"true\" data-turn=\"assistant\"><div class=\"text-base my-auto mx-auto pb-10 [--thread-content-margin:--spacing(4)] @w-sm\/main:[--thread-content-margin:--spacing(6)] @w-lg\/main:[--thread-content-margin:--spacing(16)] px-(--thread-content-margin)\"><div class=\"[--thread-content-max-width:40rem] @w-lg\/main:[--thread-content-max-width:48rem] mx-auto max-w-(--thread-content-max-width) flex-1 group\/turn-messages focus-visible:outline-hidden relative flex w-full min-w-0 flex-col agent-turn\" tabindex=\"-1\"><div class=\"flex max-w-full flex-col grow\"><div class=\"min-h-8 text-message relative flex w-full flex-col items-end gap-2 text-start break-words whitespace-normal [.text-message+&amp;]:mt-1\" dir=\"auto\" data-message-author-role=\"assistant\" data-message-id=\"be8f3a79-beef-438d-9935-1ee321c92b28\" data-message-model-slug=\"gpt-5-2\"><div class=\"flex w-full flex-col gap-1 empty:hidden first:pt-[1px]\"><div class=\"markdown prose dark:prose-invert w-full break-words dark markdown-new-styling\"><p data-start=\"0\" data-end=\"128\" data-is-last-node=\"\" data-is-only-node=\"\">Un estilo cl\u00e1sico y elegante que crea un ambiente atemporal, lleno de armon\u00eda, sobriedad y belleza que perdura en el tiempo.<\/p><\/div><\/div><\/div><\/div><\/div><\/div><\/article><\/div>\t\t\t\t\t\t\t\t<\/div>\n\t\t\t\t<div class=\"elementor-element elementor-element-e204e90 elementor-widget elementor-widget-text-editor\" data-id=\"e204e90\" data-element_type=\"widget\" data-widget_type=\"text-editor.default\">\n\t\t\t\t\t\t\t\t\t<p data-start=\"139\" data-end=\"607\">Este espacio refleja un estilo cl\u00e1sico y elegante, dise\u00f1ado para crear un ambiente atemporal que se mantiene vigente con el paso del tiempo. La elecci\u00f3n de colores sobrios aporta equilibrio y serenidad, mientras que los detalles finos, presentes en cada rinc\u00f3n, a\u00f1aden sofisticaci\u00f3n sin perder calidez. La armon\u00eda entre la arquitectura, la decoraci\u00f3n y la iluminaci\u00f3n genera una atm\u00f3sfera acogedora y distinguida, ideal para celebrar una boda llena de significado.<\/p><p data-start=\"609\" data-end=\"924\" data-is-last-node=\"\" data-is-only-node=\"\">M\u00e1s que un simple escenario, el lugar se convierte en parte esencial de la experiencia, envolviendo a los novios y a sus invitados en un entorno que transmite elegancia, tranquilidad y belleza. Un espacio pensado para vivir momentos \u00fanicos y crear recuerdos que, al igual que su est\u00e9tica, perduran en el tiempo<\/p>\t\t\t\t\t\t\t\t<\/div>\n\t\t<div class=\"elementor-element elementor-element-7923f72 e-grid e-con-full e-con e-child\" data-id=\"7923f72\" data-element_type=\"container\">\n\t\t\t\t<div class=\"elementor-element elementor-element-1aff7d0 elementor-widget elementor-widget-image\" data-id=\"1aff7d0\" data-element_type=\"widget\" data-widget_type=\"image.default\">\n\t\t\t\t\t\t\t\t\t\t\t\t\t\t\t<img fetchpriority=\"high\" decoding=\"async\" width=\"800\" height=\"533\" src=\"https:\/\/sahara.yopuedo.pe\/wp-content\/uploads\/2025\/12\/imagen_2025-12-23_165923210-1024x682.png\" class=\"attachment-large size-large wp-image-1903\" alt=\"\" srcset=\"https:\/\/sahara.yopuedo.pe\/wp-content\/uploads\/2025\/12\/imagen_2025-12-23_165923210-1024x682.png 1024w, https:\/\/sahara.yopuedo.pe\/wp-content\/uploads\/2025\/12\/imagen_2025-12-23_165923210-300x200.png 300w, https:\/\/sahara.yopuedo.pe\/wp-content\/uploads\/2025\/12\/imagen_2025-12-23_165923210-768x511.png 768w, https:\/\/sahara.yopuedo.pe\/wp-content\/uploads\/2025\/12\/imagen_2025-12-23_165923210-600x400.png 600w, https:\/\/sahara.yopuedo.pe\/wp-content\/uploads\/2025\/12\/imagen_2025-12-23_165923210.png 1200w\" sizes=\"(max-width: 800px) 100vw, 800px\" \/>\t\t\t\t\t\t\t\t\t\t\t\t\t\t\t<\/div>\n\t\t\t\t<div class=\"elementor-element elementor-element-969e8de elementor-widget elementor-widget-image\" data-id=\"969e8de\" data-element_type=\"widget\" data-widget_type=\"image.default\">\n\t\t\t\t\t\t\t\t\t\t\t\t\t\t\t<img decoding=\"async\" width=\"800\" height=\"530\" src=\"https:\/\/sahara.yopuedo.pe\/wp-content\/uploads\/2025\/12\/imagen_2025-12-23_170012931-1024x679.png\" class=\"attachment-large size-large wp-image-1904\" alt=\"\" srcset=\"https:\/\/sahara.yopuedo.pe\/wp-content\/uploads\/2025\/12\/imagen_2025-12-23_170012931-1024x679.png 1024w, https:\/\/sahara.yopuedo.pe\/wp-content\/uploads\/2025\/12\/imagen_2025-12-23_170012931-300x199.png 300w, https:\/\/sahara.yopuedo.pe\/wp-content\/uploads\/2025\/12\/imagen_2025-12-23_170012931-768x509.png 768w, https:\/\/sahara.yopuedo.pe\/wp-content\/uploads\/2025\/12\/imagen_2025-12-23_170012931-600x398.png 600w, https:\/\/sahara.yopuedo.pe\/wp-content\/uploads\/2025\/12\/imagen_2025-12-23_170012931.png 1200w\" sizes=\"(max-width: 800px) 100vw, 800px\" \/>\t\t\t\t\t\t\t\t\t\t\t\t\t\t\t<\/div>\n\t\t\t\t<div class=\"elementor-element elementor-element-e24dc0d elementor-widget elementor-widget-image\" data-id=\"e24dc0d\" data-element_type=\"widget\" data-widget_type=\"image.default\">\n\t\t\t\t\t\t\t\t\t\t\t\t\t\t\t<img decoding=\"async\" width=\"800\" height=\"533\" src=\"https:\/\/sahara.yopuedo.pe\/wp-content\/uploads\/2025\/12\/imagen_2025-12-23_170111988-1024x682.png\" class=\"attachment-large size-large wp-image-1905\" alt=\"\" srcset=\"https:\/\/sahara.yopuedo.pe\/wp-content\/uploads\/2025\/12\/imagen_2025-12-23_170111988-1024x682.png 1024w, https:\/\/sahara.yopuedo.pe\/wp-content\/uploads\/2025\/12\/imagen_2025-12-23_170111988-300x200.png 300w, https:\/\/sahara.yopuedo.pe\/wp-content\/uploads\/2025\/12\/imagen_2025-12-23_170111988-768x512.png 768w, https:\/\/sahara.yopuedo.pe\/wp-content\/uploads\/2025\/12\/imagen_2025-12-23_170111988-600x400.png 600w, https:\/\/sahara.yopuedo.pe\/wp-content\/uploads\/2025\/12\/imagen_2025-12-23_170111988.png 1280w\" sizes=\"(max-width: 800px) 100vw, 800px\" \/>\t\t\t\t\t\t\t\t\t\t\t\t\t\t\t<\/div>\n\t\t\t\t<div class=\"elementor-element elementor-element-30b7968 elementor-widget elementor-widget-image\" data-id=\"30b7968\" data-element_type=\"widget\" data-widget_type=\"image.default\">\n\t\t\t\t\t\t\t\t\t\t\t\t\t\t\t<img loading=\"lazy\" decoding=\"async\" width=\"683\" height=\"1024\" src=\"https:\/\/sahara.yopuedo.pe\/wp-content\/uploads\/2025\/12\/imagen_2025-12-23_170209150-683x1024.png\" class=\"attachment-large size-large wp-image-1906\" alt=\"\" srcset=\"https:\/\/sahara.yopuedo.pe\/wp-content\/uploads\/2025\/12\/imagen_2025-12-23_170209150-683x1024.png 683w, https:\/\/sahara.yopuedo.pe\/wp-content\/uploads\/2025\/12\/imagen_2025-12-23_170209150-200x300.png 200w, https:\/\/sahara.yopuedo.pe\/wp-content\/uploads\/2025\/12\/imagen_2025-12-23_170209150-768x1152.png 768w, https:\/\/sahara.yopuedo.pe\/wp-content\/uploads\/2025\/12\/imagen_2025-12-23_170209150-1024x1536.png 1024w, https:\/\/sahara.yopuedo.pe\/wp-content\/uploads\/2025\/12\/imagen_2025-12-23_170209150-600x900.png 600w, https:\/\/sahara.yopuedo.pe\/wp-content\/uploads\/2025\/12\/imagen_2025-12-23_170209150.png 1200w\" sizes=\"(max-width: 683px) 100vw, 683px\" \/>\t\t\t\t\t\t\t\t\t\t\t\t\t\t\t<\/div>\n\t\t\t\t<div class=\"elementor-element elementor-element-7b5ad35 elementor-widget elementor-widget-image\" data-id=\"7b5ad35\" data-element_type=\"widget\" data-widget_type=\"image.default\">\n\t\t\t\t\t\t\t\t\t\t\t\t\t\t\t<img loading=\"lazy\" decoding=\"async\" width=\"800\" height=\"534\" src=\"https:\/\/sahara.yopuedo.pe\/wp-content\/uploads\/2025\/12\/imagen_2025-12-23_170248672-1024x684.png\" class=\"attachment-large size-large wp-image-1908\" alt=\"\" srcset=\"https:\/\/sahara.yopuedo.pe\/wp-content\/uploads\/2025\/12\/imagen_2025-12-23_170248672-1024x684.png 1024w, https:\/\/sahara.yopuedo.pe\/wp-content\/uploads\/2025\/12\/imagen_2025-12-23_170248672-300x200.png 300w, https:\/\/sahara.yopuedo.pe\/wp-content\/uploads\/2025\/12\/imagen_2025-12-23_170248672-768x513.png 768w, https:\/\/sahara.yopuedo.pe\/wp-content\/uploads\/2025\/12\/imagen_2025-12-23_170248672-1536x1025.png 1536w, https:\/\/sahara.yopuedo.pe\/wp-content\/uploads\/2025\/12\/imagen_2025-12-23_170248672-600x401.png 600w, https:\/\/sahara.yopuedo.pe\/wp-content\/uploads\/2025\/12\/imagen_2025-12-23_170248672.png 2000w\" sizes=\"(max-width: 800px) 100vw, 800px\" \/>\t\t\t\t\t\t\t\t\t\t\t\t\t\t\t<\/div>\n\t\t\t\t<div class=\"elementor-element elementor-element-d6177b3 elementor-widget elementor-widget-image\" data-id=\"d6177b3\" data-element_type=\"widget\" data-widget_type=\"image.default\">\n\t\t\t\t\t\t\t\t\t\t\t\t\t\t\t<img loading=\"lazy\" decoding=\"async\" width=\"800\" height=\"533\" src=\"https:\/\/sahara.yopuedo.pe\/wp-content\/uploads\/2025\/12\/imagen_2025-12-23_170330149-1024x682.png\" class=\"attachment-large size-large wp-image-1909\" alt=\"\" srcset=\"https:\/\/sahara.yopuedo.pe\/wp-content\/uploads\/2025\/12\/imagen_2025-12-23_170330149-1024x682.png 1024w, https:\/\/sahara.yopuedo.pe\/wp-content\/uploads\/2025\/12\/imagen_2025-12-23_170330149-300x200.png 300w, https:\/\/sahara.yopuedo.pe\/wp-content\/uploads\/2025\/12\/imagen_2025-12-23_170330149-768x512.png 768w, https:\/\/sahara.yopuedo.pe\/wp-content\/uploads\/2025\/12\/imagen_2025-12-23_170330149-600x400.png 600w, https:\/\/sahara.yopuedo.pe\/wp-content\/uploads\/2025\/12\/imagen_2025-12-23_170330149.png 1280w\" sizes=\"(max-width: 800px) 100vw, 800px\" \/>\t\t\t\t\t\t\t\t\t\t\t\t\t\t\t<\/div>\n\t\t\t\t<div class=\"elementor-element elementor-element-a580981 elementor-widget elementor-widget-image\" data-id=\"a580981\" data-element_type=\"widget\" data-widget_type=\"image.default\">\n\t\t\t\t\t\t\t\t\t\t\t\t\t\t\t<img loading=\"lazy\" decoding=\"async\" width=\"800\" height=\"533\" src=\"https:\/\/sahara.yopuedo.pe\/wp-content\/uploads\/2025\/12\/imagen_2025-12-23_170422871-1024x682.png\" class=\"attachment-large size-large wp-image-1910\" alt=\"\" srcset=\"https:\/\/sahara.yopuedo.pe\/wp-content\/uploads\/2025\/12\/imagen_2025-12-23_170422871-1024x682.png 1024w, https:\/\/sahara.yopuedo.pe\/wp-content\/uploads\/2025\/12\/imagen_2025-12-23_170422871-300x200.png 300w, https:\/\/sahara.yopuedo.pe\/wp-content\/uploads\/2025\/12\/imagen_2025-12-23_170422871-768x511.png 768w, https:\/\/sahara.yopuedo.pe\/wp-content\/uploads\/2025\/12\/imagen_2025-12-23_170422871-600x399.png 600w, https:\/\/sahara.yopuedo.pe\/wp-content\/uploads\/2025\/12\/imagen_2025-12-23_170422871.png 1280w\" sizes=\"(max-width: 800px) 100vw, 800px\" \/>\t\t\t\t\t\t\t\t\t\t\t\t\t\t\t<\/div>\n\t\t\t\t<div class=\"elementor-element elementor-element-7baf061 elementor-widget elementor-widget-image\" data-id=\"7baf061\" data-element_type=\"widget\" data-widget_type=\"image.default\">\n\t\t\t\t\t\t\t\t\t\t\t\t\t\t\t<img loading=\"lazy\" decoding=\"async\" width=\"800\" height=\"533\" src=\"https:\/\/sahara.yopuedo.pe\/wp-content\/uploads\/2025\/12\/imagen_2025-12-23_170457432.png\" class=\"attachment-large size-large wp-image-1911\" alt=\"\" srcset=\"https:\/\/sahara.yopuedo.pe\/wp-content\/uploads\/2025\/12\/imagen_2025-12-23_170457432.png 960w, https:\/\/sahara.yopuedo.pe\/wp-content\/uploads\/2025\/12\/imagen_2025-12-23_170457432-300x200.png 300w, https:\/\/sahara.yopuedo.pe\/wp-content\/uploads\/2025\/12\/imagen_2025-12-23_170457432-768x512.png 768w, https:\/\/sahara.yopuedo.pe\/wp-content\/uploads\/2025\/12\/imagen_2025-12-23_170457432-600x400.png 600w\" sizes=\"(max-width: 800px) 100vw, 800px\" \/>\t\t\t\t\t\t\t\t\t\t\t\t\t\t\t<\/div>\n\t\t\t\t<div class=\"elementor-element elementor-element-3d3129c elementor-widget elementor-widget-image\" data-id=\"3d3129c\" data-element_type=\"widget\" data-widget_type=\"image.default\">\n\t\t\t\t\t\t\t\t\t\t\t\t\t\t\t<img loading=\"lazy\" decoding=\"async\" width=\"800\" height=\"534\" src=\"https:\/\/sahara.yopuedo.pe\/wp-content\/uploads\/2025\/12\/imagen_2025-12-23_170513581.png\" class=\"attachment-large size-large wp-image-1912\" alt=\"\" srcset=\"https:\/\/sahara.yopuedo.pe\/wp-content\/uploads\/2025\/12\/imagen_2025-12-23_170513581.png 1000w, https:\/\/sahara.yopuedo.pe\/wp-content\/uploads\/2025\/12\/imagen_2025-12-23_170513581-300x200.png 300w, https:\/\/sahara.yopuedo.pe\/wp-content\/uploads\/2025\/12\/imagen_2025-12-23_170513581-768x512.png 768w, https:\/\/sahara.yopuedo.pe\/wp-content\/uploads\/2025\/12\/imagen_2025-12-23_170513581-600x400.png 600w\" sizes=\"(max-width: 800px) 100vw, 800px\" \/>\t\t\t\t\t\t\t\t\t\t\t\t\t\t\t<\/div>\n\t\t\t\t<\/div>\n\t\t\t\t\t<\/div>\n\t\t\t\t<\/div>\n\t\t\t\t<\/div>\n\t\t","protected":false},"excerpt":{"rendered":"<p>Boho rom\u00e1ntica Espacios relajados, flores silvestres y texturas naturales que transmiten libertad y calidez. Un estilo cl\u00e1sico y elegante que crea un ambiente atemporal, lleno de armon\u00eda, sobriedad y belleza que perdura en el tiempo. Este espacio refleja un estilo cl\u00e1sico y elegante, dise\u00f1ado para crear un ambiente atemporal que se mantiene vigente con el [&hellip;]<\/p>\n","protected":false},"author":3,"featured_media":0,"parent":0,"menu_order":0,"comment_status":"closed","ping_status":"closed","template":"","meta":{"footnotes":""},"class_list":["post-1471","page","type-page","status-publish","hentry"],"_links":{"self":[{"href":"https:\/\/sahara.yopuedo.pe\/index.php\/wp-json\/wp\/v2\/pages\/1471","targetHints":{"allow":["GET"]}}],"collection":[{"href":"https:\/\/sahara.yopuedo.pe\/index.php\/wp-json\/wp\/v2\/pages"}],"about":[{"href":"https:\/\/sahara.yopuedo.pe\/index.php\/wp-json\/wp\/v2\/types\/page"}],"author":[{"embeddable":true,"href":"https:\/\/sahara.yopuedo.pe\/index.php\/wp-json\/wp\/v2\/users\/3"}],"replies":[{"embeddable":true,"href":"https:\/\/sahara.yopuedo.pe\/index.php\/wp-json\/wp\/v2\/comments?post=1471"}],"version-history":[{"count":10,"href":"https:\/\/sahara.yopuedo.pe\/index.php\/wp-json\/wp\/v2\/pages\/1471\/revisions"}],"predecessor-version":[{"id":1915,"href":"https:\/\/sahara.yopuedo.pe\/index.php\/wp-json\/wp\/v2\/pages\/1471\/revisions\/1915"}],"wp:attachment":[{"href":"https:\/\/sahara.yopuedo.pe\/index.php\/wp-json\/wp\/v2\/media?parent=1471"}],"curies":[{"name":"wp","href":"https:\/\/api.w.org\/{rel}","templated":true}]}}