{"id":1290,"date":"2025-12-21T05:38:24","date_gmt":"2025-12-21T10:38:24","guid":{"rendered":"https:\/\/sahara.yopuedo.pe\/?page_id=1290"},"modified":"2025-12-21T06:04:38","modified_gmt":"2025-12-21T11:04:38","slug":"politica-de-privacidad","status":"publish","type":"page","link":"https:\/\/sahara.yopuedo.pe\/index.php\/politica-de-privacidad\/","title":{"rendered":"Pol\u00edtica de privacidad"},"content":{"rendered":"\t\t<div data-elementor-type=\"wp-page\" data-elementor-id=\"1290\" class=\"elementor elementor-1290\" data-elementor-post-type=\"page\">\n\t\t\t\t<div class=\"elementor-element elementor-element-447af3c e-flex e-con-boxed e-con e-parent\" data-id=\"447af3c\" data-element_type=\"container\">\n\t\t\t\t\t<div class=\"e-con-inner\">\n\t\t\t\t<div class=\"elementor-element elementor-element-37b6c0d elementor-widget elementor-widget-heading\" data-id=\"37b6c0d\" data-element_type=\"widget\" data-widget_type=\"heading.default\">\n\t\t\t\t\t<h2 class=\"elementor-heading-title elementor-size-default\">Pol\u00edtica de privacidad<\/h2>\t\t\t\t<\/div>\n\t\t\t\t<div class=\"elementor-element elementor-element-8d2d19f elementor-widget__width-initial elementor-widget elementor-widget-text-editor\" data-id=\"8d2d19f\" data-element_type=\"widget\" data-widget_type=\"text-editor.default\">\n\t\t\t\t\t\t\t\t\t<article class=\"text-token-text-primary w-full focus:outline-none [--shadow-height:45px] has-data-writing-block:pointer-events-none has-data-writing-block:-mt-(--shadow-height) has-data-writing-block:pt-(--shadow-height) [&amp;:has([data-writing-block])&gt;*]:pointer-events-auto scroll-mt-[calc(var(--header-height)+min(200px,max(70px,20svh)))]\" dir=\"auto\" tabindex=\"-1\" data-turn-id=\"request-WEB:b33275fa-0055-4958-b335-d6a00d23b584-2\" data-testid=\"conversation-turn-6\" data-scroll-anchor=\"false\" data-turn=\"assistant\"><div class=\"text-base my-auto mx-auto [--thread-content-margin:--spacing(4)] @w-sm\/main:[--thread-content-margin:--spacing(6)] @w-lg\/main:[--thread-content-margin:--spacing(16)] px-(--thread-content-margin)\"><div class=\"[--thread-content-max-width:40rem] @w-lg\/main:[--thread-content-max-width:48rem] mx-auto max-w-(--thread-content-max-width) flex-1 group\/turn-messages focus-visible:outline-hidden relative flex w-full min-w-0 flex-col agent-turn\" tabindex=\"-1\"><div class=\"flex max-w-full flex-col grow\"><div class=\"min-h-8 text-message relative flex w-full flex-col items-end gap-2 text-start break-words whitespace-normal [.text-message+&amp;]:mt-1\" dir=\"auto\" data-message-author-role=\"assistant\" data-message-id=\"f9ed6edf-33f2-4b8a-93ff-f33d7d3b58c9\" data-message-model-slug=\"gpt-5-2\"><div class=\"flex w-full flex-col gap-1 empty:hidden first:pt-[1px]\"><div class=\"markdown prose dark:prose-invert w-full break-words dark markdown-new-styling\"><p data-start=\"395\" data-end=\"450\"><strong data-start=\"395\" data-end=\"450\">Versi\u00f3n: 13 de noviembre de 2025<\/strong><\/p><p data-start=\"395\" data-end=\"450\">\u00a0<\/p><p data-start=\"452\" data-end=\"601\">Es importante que leas detenidamente la presente <strong data-start=\"501\" data-end=\"535\">Pol\u00edtica General de Privacidad<\/strong> antes de navegar por la p\u00e1gina web <strong data-start=\"571\" data-end=\"600\"><a class=\"decorated-link\" href=\"https:\/\/sahara.yopuedo.pe\" target=\"_new\" rel=\"noopener\" data-start=\"573\" data-end=\"598\">https:\/\/sahara.yopuedo.pe<\/a><\/strong>.<\/p><p data-start=\"452\" data-end=\"601\">\u00a0<\/p><p data-start=\"603\" data-end=\"947\">En <strong data-start=\"606\" data-end=\"616\">Sahara<\/strong>, estamos comprometidos con la privacidad y la protecci\u00f3n de los datos personales de nuestras usuarias y clientas. Por ello, ponemos a tu disposici\u00f3n esta Pol\u00edtica General de Privacidad, donde podr\u00e1s conocer qu\u00e9 datos personales recopilamos, c\u00f3mo los tratamos, con qu\u00e9 finalidades, cu\u00e1les son tus derechos y c\u00f3mo puedes ejercerlos.<\/p><p data-start=\"603\" data-end=\"947\">\u00a0<\/p><p data-start=\"949\" data-end=\"1190\">Esta Pol\u00edtica General de Privacidad se complementa con la informaci\u00f3n espec\u00edfica que pueda facilitarse en los distintos formularios de captaci\u00f3n de datos disponibles en la web o en las interacciones que se realicen entre Sahara y el usuario.<\/p><p data-start=\"949\" data-end=\"1190\">\u00a0<\/p><hr data-start=\"1192\" data-end=\"1195\" \/><h2 data-start=\"1197\" data-end=\"1232\">\u00a0<\/h2><h2 data-start=\"1197\" data-end=\"1232\">1. Sahara y el usuario o cliente<\/h2><p data-start=\"1234\" data-end=\"1311\">Los datos personales facilitados por el usuario o cliente ser\u00e1n tratados por:<\/p><p data-start=\"1313\" data-end=\"1508\"><strong data-start=\"1313\" data-end=\"1374\"><span class=\"hover:entity-accent entity-underline inline cursor-pointer align-baseline\"><span class=\"whitespace-normal\">Sahara<\/span><\/span> \u2013 Vestidos de Novia<\/strong><br data-start=\"1374\" data-end=\"1377\" \/><strong>Titular:<\/strong> Nicole Chipana Zorrilla<br data-start=\"1406\" data-end=\"1409\" \/><strong>DNI:<\/strong> 702256947<br data-start=\"1423\" data-end=\"1426\" \/><strong>Domicilio:<\/strong> Lima, Per\u00fa<br data-start=\"1447\" data-end=\"1450\" \/><strong>Correo electr\u00f3nico de contacto:<\/strong> <a class=\"decorated-link cursor-pointer\" rel=\"noopener\" data-start=\"1482\" data-end=\"1506\">informes@nicolechipana.com<\/a><\/p><p data-start=\"1313\" data-end=\"1508\">\u00a0<\/p><p data-start=\"1510\" data-end=\"1662\">Sahara es la titular y responsable del sitio web <strong data-start=\"1559\" data-end=\"1588\"><a class=\"decorated-link\" href=\"https:\/\/sahara.yopuedo.pe\" target=\"_new\" rel=\"noopener\" data-start=\"1561\" data-end=\"1586\">https:\/\/sahara.yopuedo.pe<\/a><\/strong> y del tratamiento de los datos personales recopilados a trav\u00e9s del mismo.<\/p><p data-start=\"1510\" data-end=\"1662\">\u00a0<\/p><p data-start=\"1664\" data-end=\"1969\">Al acceder a la web, utilizar cualquiera de nuestros canales de comunicaci\u00f3n o interactuar con nuestros servicios, adquieres la condici\u00f3n de <strong data-start=\"1805\" data-end=\"1826\">Usuario o Cliente<\/strong>, y aceptas las condiciones descritas en la presente Pol\u00edtica General de Privacidad, junto con las Condiciones de Uso y la Pol\u00edtica de Cookies.<\/p><p data-start=\"1664\" data-end=\"1969\">\u00a0<\/p><hr data-start=\"1971\" data-end=\"1974\" \/><h2 data-start=\"1976\" data-end=\"2018\">\u00a0<\/h2><h2 data-start=\"1976\" data-end=\"2018\">2. \u00bfQu\u00e9 datos personales recoge Sahara?<\/h2><p data-start=\"2020\" data-end=\"2110\">Sahara puede recopilar datos personales de los usuarios a trav\u00e9s de los siguientes medios:<\/p><ul data-start=\"2112\" data-end=\"2347\"><li data-start=\"2112\" data-end=\"2139\"><p data-start=\"2114\" data-end=\"2139\">Formularios de contacto<\/p><\/li><li data-start=\"2140\" data-end=\"2181\"><p data-start=\"2142\" data-end=\"2181\">Solicitudes de informaci\u00f3n o asesor\u00eda<\/p><\/li><li data-start=\"2182\" data-end=\"2210\"><p data-start=\"2184\" data-end=\"2210\">Solicitud de cita previa<\/p><\/li><li data-start=\"2211\" data-end=\"2252\"><p data-start=\"2213\" data-end=\"2252\">Comunicaciones por correo electr\u00f3nico<\/p><\/li><li data-start=\"2253\" data-end=\"2297\"><p data-start=\"2255\" data-end=\"2297\">Interacciones a trav\u00e9s de redes sociales<\/p><\/li><li data-start=\"2298\" data-end=\"2347\"><p data-start=\"2300\" data-end=\"2347\">Navegaci\u00f3n en la web (cookies y datos t\u00e9cnicos)<\/p><\/li><\/ul><p data-start=\"2349\" data-end=\"2399\">Los datos recopilados pueden incluir, entre otros:<\/p><ul data-start=\"2401\" data-end=\"2629\"><li data-start=\"2401\" data-end=\"2423\"><p data-start=\"2403\" data-end=\"2423\">Nombre y apellidos<\/p><\/li><li data-start=\"2424\" data-end=\"2446\"><p data-start=\"2426\" data-end=\"2446\">Correo electr\u00f3nico<\/p><\/li><li data-start=\"2447\" data-end=\"2469\"><p data-start=\"2449\" data-end=\"2469\">N\u00famero de contacto<\/p><\/li><li data-start=\"2470\" data-end=\"2537\"><p data-start=\"2472\" data-end=\"2537\">Informaci\u00f3n relacionada con el evento (boda u ocasi\u00f3n especial)<\/p><\/li><li data-start=\"2538\" data-end=\"2564\"><p data-start=\"2540\" data-end=\"2564\">Preferencias de estilo<\/p><\/li><li data-start=\"2565\" data-end=\"2629\"><p data-start=\"2567\" data-end=\"2629\">Informaci\u00f3n t\u00e9cnica de navegaci\u00f3n (IP, navegador, dispositivo)<\/p><\/li><\/ul><p data-start=\"2631\" data-end=\"2712\">El usuario garantiza que los datos facilitados son veraces, actuales y completos.<\/p><p data-start=\"2631\" data-end=\"2712\">\u00a0<\/p><hr data-start=\"2714\" data-end=\"2717\" \/><h2 data-start=\"2719\" data-end=\"2763\">\u00a0<\/h2><h2 data-start=\"2719\" data-end=\"2763\">3. Finalidad del tratamiento de los datos<\/h2><p data-start=\"2765\" data-end=\"2832\">Los datos personales ser\u00e1n tratados con las siguientes finalidades:<\/p><ul data-start=\"2834\" data-end=\"3192\"><li data-start=\"2834\" data-end=\"2884\"><p data-start=\"2836\" data-end=\"2884\">Atender consultas y solicitudes de informaci\u00f3n<\/p><\/li><li data-start=\"2885\" data-end=\"2931\"><p data-start=\"2887\" data-end=\"2931\">Gestionar citas y asesor\u00edas personalizadas<\/p><\/li><li data-start=\"2932\" data-end=\"2995\"><p data-start=\"2934\" data-end=\"2995\">Brindar informaci\u00f3n sobre vestidos, colecciones y servicios<\/p><\/li><li data-start=\"2996\" data-end=\"3074\"><p data-start=\"2998\" data-end=\"3074\">Enviar comunicaciones informativas o promocionales (previo consentimiento)<\/p><\/li><li data-start=\"3075\" data-end=\"3141\"><p data-start=\"3077\" data-end=\"3141\">Mejorar la experiencia de navegaci\u00f3n y los servicios ofrecidos<\/p><\/li><li data-start=\"3142\" data-end=\"3192\"><p data-start=\"3144\" data-end=\"3192\">Gestionar la relaci\u00f3n comercial con el cliente<\/p><\/li><\/ul><p data-start=\"3194\" data-end=\"3278\">En ning\u00fan caso los datos ser\u00e1n utilizados para fines distintos a los aqu\u00ed descritos.<\/p><p data-start=\"3194\" data-end=\"3278\">\u00a0<\/p><hr data-start=\"3280\" data-end=\"3283\" \/><h2 data-start=\"3285\" data-end=\"3314\">\u00a0<\/h2><h2 data-start=\"3285\" data-end=\"3314\">4. Elaboraci\u00f3n de perfiles<\/h2><p data-start=\"3316\" data-end=\"3553\">Sahara podr\u00e1 elaborar perfiles b\u00e1sicos de sus clientes a partir de la informaci\u00f3n proporcionada voluntariamente, con la finalidad de ofrecer un servicio m\u00e1s personalizado, acorde a las preferencias, estilos y necesidades de cada usuaria.<\/p><p data-start=\"3555\" data-end=\"3720\">Este tratamiento se realiza sobre la base del inter\u00e9s leg\u00edtimo de Sahara y, en el caso de comunicaciones comerciales, \u00fanicamente cuando exista consentimiento previo.<\/p><p data-start=\"3555\" data-end=\"3720\">\u00a0<\/p><hr data-start=\"3722\" data-end=\"3725\" \/><h2 data-start=\"3727\" data-end=\"3759\">\u00a0<\/h2><h2 data-start=\"3727\" data-end=\"3759\">5.Comunicaciones comerciales<\/h2><p data-start=\"3761\" data-end=\"3938\">Sahara \u00fanicamente enviar\u00e1 comunicaciones comerciales por medios electr\u00f3nicos (correo electr\u00f3nico o mensajer\u00eda digital) cuando el usuario haya otorgado su consentimiento expreso.<\/p><p data-start=\"3940\" data-end=\"4229\">Estas comunicaciones podr\u00e1n estar personalizadas seg\u00fan las preferencias e intereses manifestados por el usuario. En cualquier momento, el usuario podr\u00e1 revocar su consentimiento enviando un correo a <strong data-start=\"4139\" data-end=\"4167\"><a class=\"decorated-link cursor-pointer\" rel=\"noopener\" data-start=\"4141\" data-end=\"4165\">informes@nicolechipana.com<\/a><\/strong> o siguiendo las instrucciones incluidas en cada comunicaci\u00f3n.<\/p><p data-start=\"3940\" data-end=\"4229\">\u00a0<\/p><hr data-start=\"4231\" data-end=\"4234\" \/><h2 data-start=\"4236\" data-end=\"4268\">\u00a0<\/h2><h2 data-start=\"4236\" data-end=\"4268\">6. Cesi\u00f3n de datos a terceros<\/h2><p data-start=\"4270\" data-end=\"4343\">Los datos personales no ser\u00e1n vendidos, cedidos ni alquilados a terceros.<\/p><p data-start=\"4345\" data-end=\"4655\">\u00danicamente podr\u00e1n ser compartidos con proveedores de servicios estrictamente necesarios para el correcto funcionamiento de la web o la prestaci\u00f3n de servicios (por ejemplo, hosting, herramientas de correo electr\u00f3nico o plataformas tecnol\u00f3gicas), siempre bajo acuerdos de confidencialidad y protecci\u00f3n de datos.<\/p><p data-start=\"4345\" data-end=\"4655\">\u00a0<\/p><hr data-start=\"4657\" data-end=\"4660\" \/><h2 data-start=\"4662\" data-end=\"4693\">\u00a0<\/h2><h2 data-start=\"4662\" data-end=\"4693\">7. Conservaci\u00f3n de los datos<\/h2><p data-start=\"4695\" data-end=\"4875\">Los datos personales se conservar\u00e1n durante el tiempo necesario para cumplir con las finalidades para las que fueron recogidos y mientras exista una relaci\u00f3n activa con el usuario.<\/p><p data-start=\"4877\" data-end=\"5054\">Una vez finalizada dicha relaci\u00f3n, los datos podr\u00e1n ser conservados de forma bloqueada para el cumplimiento de obligaciones legales o posteriormente eliminados de manera segura.<\/p><p data-start=\"4877\" data-end=\"5054\">\u00a0<\/p><hr data-start=\"5056\" data-end=\"5059\" \/><h2 data-start=\"5061\" data-end=\"5091\">\u00a0<\/h2><h2 data-start=\"5061\" data-end=\"5091\">8. Obligaciones del usuario<\/h2><p data-start=\"5093\" data-end=\"5120\">El usuario se compromete a:<\/p><ul data-start=\"5122\" data-end=\"5310\"><li data-start=\"5122\" data-end=\"5178\"><p data-start=\"5124\" data-end=\"5178\">Proporcionar datos veraces, completos y actualizados<\/p><\/li><li data-start=\"5179\" data-end=\"5242\"><p data-start=\"5181\" data-end=\"5242\">No facilitar datos de terceros sin su consentimiento previo<\/p><\/li><li data-start=\"5243\" data-end=\"5310\"><p data-start=\"5245\" data-end=\"5310\">Mantener la confidencialidad de cualquier informaci\u00f3n de acceso<\/p><\/li><\/ul><p data-start=\"5312\" data-end=\"5420\">El usuario ser\u00e1 responsable de cualquier da\u00f1o o perjuicio derivado del incumplimiento de estas obligaciones.<\/p><p data-start=\"5312\" data-end=\"5420\">\u00a0<\/p><hr data-start=\"5422\" data-end=\"5425\" \/><h2 data-start=\"5427\" data-end=\"5453\">\u00a0<\/h2><h2 data-start=\"5427\" data-end=\"5453\">9. Derechos del usuario<\/h2><p data-start=\"5455\" data-end=\"5517\">El usuario podr\u00e1 ejercer en cualquier momento sus derechos de:<\/p><ul data-start=\"5519\" data-end=\"5636\"><li data-start=\"5519\" data-end=\"5529\"><p data-start=\"5521\" data-end=\"5529\">Acceso<\/p><\/li><li data-start=\"5530\" data-end=\"5547\"><p data-start=\"5532\" data-end=\"5547\">Rectificaci\u00f3n<\/p><\/li><li data-start=\"5548\" data-end=\"5561\"><p data-start=\"5550\" data-end=\"5561\">Supresi\u00f3n<\/p><\/li><li data-start=\"5562\" data-end=\"5575\"><p data-start=\"5564\" data-end=\"5575\">Oposici\u00f3n<\/p><\/li><li data-start=\"5576\" data-end=\"5606\"><p data-start=\"5578\" data-end=\"5606\">Limitaci\u00f3n del tratamiento<\/p><\/li><li data-start=\"5607\" data-end=\"5636\"><p data-start=\"5609\" data-end=\"5636\">Portabilidad de los datos<\/p><\/li><\/ul><p data-start=\"5638\" data-end=\"5785\">Para ejercer estos derechos, deber\u00e1 enviar una solicitud al correo <strong data-start=\"5705\" data-end=\"5733\"><a class=\"decorated-link cursor-pointer\" rel=\"noopener\" data-start=\"5707\" data-end=\"5731\">informes@nicolechipana.com<\/a><\/strong>, indicando claramente el derecho que desea ejercer.<\/p><p data-start=\"5638\" data-end=\"5785\">\u00a0<\/p><hr data-start=\"5787\" data-end=\"5790\" \/><h2 data-start=\"5792\" data-end=\"5821\">\u00a0<\/h2><h2 data-start=\"5792\" data-end=\"5821\">10. Seguridad de los datos<\/h2><p data-start=\"5823\" data-end=\"6025\">Sahara adopta las medidas t\u00e9cnicas y organizativas necesarias para garantizar la seguridad, confidencialidad e integridad de los datos personales, evitando su p\u00e9rdida, alteraci\u00f3n o acceso no autorizado.<\/p><p data-start=\"6027\" data-end=\"6115\">No obstante, el usuario reconoce que ning\u00fan sistema en Internet es completamente seguro.<\/p><p data-start=\"6027\" data-end=\"6115\">\u00a0<\/p><hr data-start=\"6117\" data-end=\"6120\" \/><h2 data-start=\"6122\" data-end=\"6148\">\u00a0<\/h2><h2 data-start=\"6122\" data-end=\"6148\">11. Pol\u00edtica de cookies<\/h2><p data-start=\"6150\" data-end=\"6329\">La web de Sahara utiliza cookies propias y de terceros para mejorar la experiencia de navegaci\u00f3n. Para m\u00e1s informaci\u00f3n, el usuario puede consultar nuestra <strong data-start=\"6305\" data-end=\"6328\">Pol\u00edtica de Cookies<\/strong>.<\/p><p data-start=\"6150\" data-end=\"6329\">\u00a0<\/p><hr data-start=\"6331\" data-end=\"6334\" \/><h2 data-start=\"6336\" data-end=\"6386\">\u00a0<\/h2><h2 data-start=\"6336\" data-end=\"6386\">12. Modificaciones de la pol\u00edtica de privacidad<\/h2><p data-start=\"6388\" data-end=\"6628\">Sahara se reserva el derecho de modificar la presente Pol\u00edtica General de Privacidad para adaptarla a cambios legislativos, t\u00e9cnicos o de negocio. Las modificaciones ser\u00e1n publicadas en el sitio web y entrar\u00e1n en vigor desde su publicaci\u00f3n.<\/p><p data-start=\"6388\" data-end=\"6628\">\u00a0<\/p><hr data-start=\"6630\" data-end=\"6633\" \/><h2 data-start=\"6635\" data-end=\"6650\">\u00a0<\/h2><h2 data-start=\"6635\" data-end=\"6650\">13. Contacto<\/h2><p data-start=\"6652\" data-end=\"6781\">Para cualquier consulta relacionada con esta Pol\u00edtica General de Privacidad, puedes contactarnos a trav\u00e9s del correo electr\u00f3nico:<\/p><p data-start=\"6783\" data-end=\"6814\">\ud83d\udce9 <strong data-start=\"6786\" data-end=\"6814\"><a class=\"decorated-link cursor-pointer\" rel=\"noopener\" data-start=\"6788\" data-end=\"6812\">informes@nicolechipana.com<\/a><\/strong><\/p><\/div><\/div><\/div><\/div><\/div><\/div><\/article><article class=\"text-token-text-primary w-full focus:outline-none [--shadow-height:45px] has-data-writing-block:pointer-events-none has-data-writing-block:-mt-(--shadow-height) has-data-writing-block:pt-(--shadow-height) [&amp;:has([data-writing-block])&gt;*]:pointer-events-auto scroll-mt-[calc(var(--header-height)+min(200px,max(70px,20svh)))]\" dir=\"auto\" tabindex=\"-1\" data-turn-id=\"request-WEB:b33275fa-0055-4958-b335-d6a00d23b584-3\" data-testid=\"conversation-turn-8\" data-scroll-anchor=\"true\" data-turn=\"assistant\"><div class=\"text-base my-auto mx-auto pb-10 [--thread-content-margin:--spacing(4)] @w-sm\/main:[--thread-content-margin:--spacing(6)] @w-lg\/main:[--thread-content-margin:--spacing(16)] px-(--thread-content-margin)\"><div class=\"[--thread-content-max-width:40rem] @w-lg\/main:[--thread-content-max-width:48rem] mx-auto max-w-(--thread-content-max-width) flex-1 group\/turn-messages focus-visible:outline-hidden relative flex w-full min-w-0 flex-col agent-turn\" tabindex=\"-1\"><div class=\"flex max-w-full flex-col grow\"><div class=\"min-h-8 text-message relative flex w-full flex-col items-end gap-2 text-start break-words whitespace-normal [.text-message+&amp;]:mt-1\" dir=\"auto\" data-message-author-role=\"assistant\" data-message-id=\"10462039-b9df-4b64-a2e5-7bb3e90f5eff\" data-message-model-slug=\"gpt-5-2\"><div class=\"flex w-full flex-col gap-1 empty:hidden first:pt-[1px]\"><div class=\"markdown prose dark:prose-invert w-full break-words dark markdown-new-styling\"><p data-start=\"5280\" data-end=\"5311\">\u00a0<\/p><\/div><\/div><\/div><\/div><\/div><\/div><\/article>\t\t\t\t\t\t\t\t<\/div>\n\t\t\t\t\t<\/div>\n\t\t\t\t<\/div>\n\t\t\t\t<\/div>\n\t\t","protected":false},"excerpt":{"rendered":"<p>Pol\u00edtica de privacidad Versi\u00f3n: 13 de noviembre de 2025 \u00a0 Es importante que leas detenidamente la presente Pol\u00edtica General de Privacidad antes de navegar por la p\u00e1gina web https:\/\/sahara.yopuedo.pe. \u00a0 En Sahara, estamos comprometidos con la privacidad y la protecci\u00f3n de los datos personales de nuestras usuarias y clientas. Por ello, ponemos a tu disposici\u00f3n [&hellip;]<\/p>\n","protected":false},"author":3,"featured_media":0,"parent":0,"menu_order":0,"comment_status":"closed","ping_status":"closed","template":"","meta":{"footnotes":""},"class_list":["post-1290","page","type-page","status-publish","hentry"],"_links":{"self":[{"href":"https:\/\/sahara.yopuedo.pe\/index.php\/wp-json\/wp\/v2\/pages\/1290","targetHints":{"allow":["GET"]}}],"collection":[{"href":"https:\/\/sahara.yopuedo.pe\/index.php\/wp-json\/wp\/v2\/pages"}],"about":[{"href":"https:\/\/sahara.yopuedo.pe\/index.php\/wp-json\/wp\/v2\/types\/page"}],"author":[{"embeddable":true,"href":"https:\/\/sahara.yopuedo.pe\/index.php\/wp-json\/wp\/v2\/users\/3"}],"replies":[{"embeddable":true,"href":"https:\/\/sahara.yopuedo.pe\/index.php\/wp-json\/wp\/v2\/comments?post=1290"}],"version-history":[{"count":10,"href":"https:\/\/sahara.yopuedo.pe\/index.php\/wp-json\/wp\/v2\/pages\/1290\/revisions"}],"predecessor-version":[{"id":1301,"href":"https:\/\/sahara.yopuedo.pe\/index.php\/wp-json\/wp\/v2\/pages\/1290\/revisions\/1301"}],"wp:attachment":[{"href":"https:\/\/sahara.yopuedo.pe\/index.php\/wp-json\/wp\/v2\/media?parent=1290"}],"curies":[{"name":"wp","href":"https:\/\/api.w.org\/{rel}","templated":true}]}}