{"id":1163,"date":"2025-12-20T22:41:28","date_gmt":"2025-12-21T03:41:28","guid":{"rendered":"https:\/\/sahara.yopuedo.pe\/?page_id=1163"},"modified":"2025-12-23T16:08:51","modified_gmt":"2025-12-23T21:08:51","slug":"producto-vestido-eterna","status":"publish","type":"page","link":"https:\/\/sahara.yopuedo.pe\/index.php\/producto-vestido-eterna\/","title":{"rendered":"Producto Vestido Eterna"},"content":{"rendered":"\t\t<div data-elementor-type=\"wp-page\" data-elementor-id=\"1163\" class=\"elementor elementor-1163\" data-elementor-post-type=\"page\">\n\t\t\t\t<div class=\"elementor-element elementor-element-58cf451 e-flex e-con-boxed e-con e-parent\" data-id=\"58cf451\" data-element_type=\"container\">\n\t\t\t\t\t<div class=\"e-con-inner\">\n\t\t<div class=\"elementor-element elementor-element-296f59f e-con-full e-flex e-con e-child\" data-id=\"296f59f\" data-element_type=\"container\">\n\t\t<div class=\"elementor-element elementor-element-f58fb70 e-con-full e-flex e-con e-child\" data-id=\"f58fb70\" data-element_type=\"container\">\n\t\t\t\t<div class=\"elementor-element elementor-element-6a05856 elementor-widget__width-initial elementor-widget elementor-widget-image\" data-id=\"6a05856\" data-element_type=\"widget\" data-widget_type=\"image.default\">\n\t\t\t\t\t\t\t\t\t\t\t\t\t\t\t<img fetchpriority=\"high\" decoding=\"async\" width=\"732\" height=\"1024\" src=\"https:\/\/sahara.yopuedo.pe\/wp-content\/uploads\/2025\/12\/WhatsApp-Image-2025-12-21-at-3.36.19-AM-1-1-732x1024.jpeg\" class=\"attachment-large size-large wp-image-1228\" alt=\"\" srcset=\"https:\/\/sahara.yopuedo.pe\/wp-content\/uploads\/2025\/12\/WhatsApp-Image-2025-12-21-at-3.36.19-AM-1-1-732x1024.jpeg 732w, https:\/\/sahara.yopuedo.pe\/wp-content\/uploads\/2025\/12\/WhatsApp-Image-2025-12-21-at-3.36.19-AM-1-1-214x300.jpeg 214w, https:\/\/sahara.yopuedo.pe\/wp-content\/uploads\/2025\/12\/WhatsApp-Image-2025-12-21-at-3.36.19-AM-1-1-768x1075.jpeg 768w, https:\/\/sahara.yopuedo.pe\/wp-content\/uploads\/2025\/12\/WhatsApp-Image-2025-12-21-at-3.36.19-AM-1-1-1097x1536.jpeg 1097w, https:\/\/sahara.yopuedo.pe\/wp-content\/uploads\/2025\/12\/WhatsApp-Image-2025-12-21-at-3.36.19-AM-1-1-600x840.jpeg 600w, https:\/\/sahara.yopuedo.pe\/wp-content\/uploads\/2025\/12\/WhatsApp-Image-2025-12-21-at-3.36.19-AM-1-1.jpeg 1143w\" sizes=\"(max-width: 732px) 100vw, 732px\" \/>\t\t\t\t\t\t\t\t\t\t\t\t\t\t\t<\/div>\n\t\t\t\t<\/div>\n\t\t\t\t<div class=\"elementor-element elementor-element-2272b57 elementor-widget-mobile__width-initial elementor-widget elementor-widget-image-gallery\" data-id=\"2272b57\" data-element_type=\"widget\" data-widget_type=\"image-gallery.default\">\n\t\t\t\t\t\t\t<div class=\"elementor-image-gallery\">\n\t\t\t<div id='gallery-1' class='gallery galleryid-1163 gallery-columns-3 gallery-size-medium'><figure class='gallery-item'>\n\t\t\t<div class='gallery-icon portrait'>\n\t\t\t\t<a data-elementor-open-lightbox=\"yes\" data-elementor-lightbox-slideshow=\"2272b57\" data-elementor-lightbox-title=\"WhatsApp Image 2025-12-21 at 3.36.19 AM (1)\" data-e-action-hash=\"#elementor-action%3Aaction%3Dlightbox%26settings%3DeyJpZCI6MTIyOCwidXJsIjoiaHR0cHM6XC9cL3NhaGFyYS55b3B1ZWRvLnBlXC93cC1jb250ZW50XC91cGxvYWRzXC8yMDI1XC8xMlwvV2hhdHNBcHAtSW1hZ2UtMjAyNS0xMi0yMS1hdC0zLjM2LjE5LUFNLTEtMS5qcGVnIiwic2xpZGVzaG93IjoiMjI3MmI1NyJ9\" href='https:\/\/sahara.yopuedo.pe\/wp-content\/uploads\/2025\/12\/WhatsApp-Image-2025-12-21-at-3.36.19-AM-1-1.jpeg'><img decoding=\"async\" width=\"214\" height=\"300\" src=\"https:\/\/sahara.yopuedo.pe\/wp-content\/uploads\/2025\/12\/WhatsApp-Image-2025-12-21-at-3.36.19-AM-1-1-214x300.jpeg\" class=\"attachment-medium size-medium\" alt=\"\" srcset=\"https:\/\/sahara.yopuedo.pe\/wp-content\/uploads\/2025\/12\/WhatsApp-Image-2025-12-21-at-3.36.19-AM-1-1-214x300.jpeg 214w, https:\/\/sahara.yopuedo.pe\/wp-content\/uploads\/2025\/12\/WhatsApp-Image-2025-12-21-at-3.36.19-AM-1-1-732x1024.jpeg 732w, https:\/\/sahara.yopuedo.pe\/wp-content\/uploads\/2025\/12\/WhatsApp-Image-2025-12-21-at-3.36.19-AM-1-1-768x1075.jpeg 768w, https:\/\/sahara.yopuedo.pe\/wp-content\/uploads\/2025\/12\/WhatsApp-Image-2025-12-21-at-3.36.19-AM-1-1-1097x1536.jpeg 1097w, https:\/\/sahara.yopuedo.pe\/wp-content\/uploads\/2025\/12\/WhatsApp-Image-2025-12-21-at-3.36.19-AM-1-1-600x840.jpeg 600w, https:\/\/sahara.yopuedo.pe\/wp-content\/uploads\/2025\/12\/WhatsApp-Image-2025-12-21-at-3.36.19-AM-1-1.jpeg 1143w\" sizes=\"(max-width: 214px) 100vw, 214px\" \/><\/a>\n\t\t\t<\/div><\/figure><figure class='gallery-item'>\n\t\t\t<div class='gallery-icon portrait'>\n\t\t\t\t<a data-elementor-open-lightbox=\"yes\" data-elementor-lightbox-slideshow=\"2272b57\" data-elementor-lightbox-title=\"WhatsApp Image 2025-12-21 at 3.36.39 AM (1)\" data-e-action-hash=\"#elementor-action%3Aaction%3Dlightbox%26settings%3DeyJpZCI6MTIyOSwidXJsIjoiaHR0cHM6XC9cL3NhaGFyYS55b3B1ZWRvLnBlXC93cC1jb250ZW50XC91cGxvYWRzXC8yMDI1XC8xMlwvV2hhdHNBcHAtSW1hZ2UtMjAyNS0xMi0yMS1hdC0zLjM2LjM5LUFNLTEtMS5qcGVnIiwic2xpZGVzaG93IjoiMjI3MmI1NyJ9\" href='https:\/\/sahara.yopuedo.pe\/wp-content\/uploads\/2025\/12\/WhatsApp-Image-2025-12-21-at-3.36.39-AM-1-1.jpeg'><img decoding=\"async\" width=\"214\" height=\"300\" src=\"https:\/\/sahara.yopuedo.pe\/wp-content\/uploads\/2025\/12\/WhatsApp-Image-2025-12-21-at-3.36.39-AM-1-1-214x300.jpeg\" class=\"attachment-medium size-medium\" alt=\"\" srcset=\"https:\/\/sahara.yopuedo.pe\/wp-content\/uploads\/2025\/12\/WhatsApp-Image-2025-12-21-at-3.36.39-AM-1-1-214x300.jpeg 214w, https:\/\/sahara.yopuedo.pe\/wp-content\/uploads\/2025\/12\/WhatsApp-Image-2025-12-21-at-3.36.39-AM-1-1-731x1024.jpeg 731w, https:\/\/sahara.yopuedo.pe\/wp-content\/uploads\/2025\/12\/WhatsApp-Image-2025-12-21-at-3.36.39-AM-1-1-768x1076.jpeg 768w, https:\/\/sahara.yopuedo.pe\/wp-content\/uploads\/2025\/12\/WhatsApp-Image-2025-12-21-at-3.36.39-AM-1-1-600x840.jpeg 600w, https:\/\/sahara.yopuedo.pe\/wp-content\/uploads\/2025\/12\/WhatsApp-Image-2025-12-21-at-3.36.39-AM-1-1.jpeg 1061w\" sizes=\"(max-width: 214px) 100vw, 214px\" \/><\/a>\n\t\t\t<\/div><\/figure><figure class='gallery-item'>\n\t\t\t<div class='gallery-icon portrait'>\n\t\t\t\t<a data-elementor-open-lightbox=\"yes\" data-elementor-lightbox-slideshow=\"2272b57\" data-elementor-lightbox-title=\"WhatsApp Image 2025-12-21 at 3.36.39 AM\" data-e-action-hash=\"#elementor-action%3Aaction%3Dlightbox%26settings%3DeyJpZCI6MTIzMCwidXJsIjoiaHR0cHM6XC9cL3NhaGFyYS55b3B1ZWRvLnBlXC93cC1jb250ZW50XC91cGxvYWRzXC8yMDI1XC8xMlwvV2hhdHNBcHAtSW1hZ2UtMjAyNS0xMi0yMS1hdC0zLjM2LjM5LUFNLmpwZWciLCJzbGlkZXNob3ciOiIyMjcyYjU3In0%3D\" href='https:\/\/sahara.yopuedo.pe\/wp-content\/uploads\/2025\/12\/WhatsApp-Image-2025-12-21-at-3.36.39-AM.jpeg'><img loading=\"lazy\" decoding=\"async\" width=\"214\" height=\"300\" src=\"https:\/\/sahara.yopuedo.pe\/wp-content\/uploads\/2025\/12\/WhatsApp-Image-2025-12-21-at-3.36.39-AM-214x300.jpeg\" class=\"attachment-medium size-medium\" alt=\"\" srcset=\"https:\/\/sahara.yopuedo.pe\/wp-content\/uploads\/2025\/12\/WhatsApp-Image-2025-12-21-at-3.36.39-AM-214x300.jpeg 214w, https:\/\/sahara.yopuedo.pe\/wp-content\/uploads\/2025\/12\/WhatsApp-Image-2025-12-21-at-3.36.39-AM-731x1024.jpeg 731w, https:\/\/sahara.yopuedo.pe\/wp-content\/uploads\/2025\/12\/WhatsApp-Image-2025-12-21-at-3.36.39-AM-768x1075.jpeg 768w, https:\/\/sahara.yopuedo.pe\/wp-content\/uploads\/2025\/12\/WhatsApp-Image-2025-12-21-at-3.36.39-AM-600x840.jpeg 600w, https:\/\/sahara.yopuedo.pe\/wp-content\/uploads\/2025\/12\/WhatsApp-Image-2025-12-21-at-3.36.39-AM.jpeg 1049w\" sizes=\"(max-width: 214px) 100vw, 214px\" \/><\/a>\n\t\t\t<\/div><\/figure>\n\t\t<\/div>\n\t\t<\/div>\n\t\t\t\t\t\t<\/div>\n\t\t<div class=\"elementor-element elementor-element-270b46d e-con-full e-flex e-con e-child\" data-id=\"270b46d\" data-element_type=\"container\">\n\t\t\t\t<div class=\"elementor-element elementor-element-fbe507f elementor-widget elementor-widget-heading\" data-id=\"fbe507f\" data-element_type=\"widget\" data-widget_type=\"heading.default\">\n\t\t\t\t\t<h2 class=\"elementor-heading-title elementor-size-default\">Eterna<\/h2>\t\t\t\t<\/div>\n\t\t\t\t<div class=\"elementor-element elementor-element-58b2710 elementor-widget elementor-widget-text-editor\" data-id=\"58b2710\" data-element_type=\"widget\" data-widget_type=\"text-editor.default\">\n\t\t\t\t\t\t\t\t\t<p>Vestidos Modernos<\/p>\t\t\t\t\t\t\t\t<\/div>\n\t\t\t\t<div class=\"elementor-element elementor-element-57c053e elementor-widget elementor-widget-text-editor\" data-id=\"57c053e\" data-element_type=\"widget\" data-widget_type=\"text-editor.default\">\n\t\t\t\t\t\t\t\t\t<p data-path-to-node=\"3\">Una pieza moderna de silueta sirena confeccionada en <b data-path-to-node=\"1\" data-index-in-node=\"69\">crep\u00e9 de seda premium<\/b> con forro de sat\u00e9n y una majestuosa <b data-path-to-node=\"1\" data-index-in-node=\"127\">capa integrada<\/b> en gasa. Este dise\u00f1o destaca por su escote con <b data-path-to-node=\"1\" data-index-in-node=\"189\">drapeado cruzado<\/b> y un cintur\u00f3n minimalista.<\/p><p data-path-to-node=\"5\"><b data-path-to-node=\"5\" data-index-in-node=\"0\">Detalles T\u00e9cnicos:<\/b><\/p><ul data-path-to-node=\"6\"><li><p data-path-to-node=\"6,0,0\"><b data-path-to-node=\"6,0,0\" data-index-in-node=\"0\">Material:<\/b> Crep\u00e9 de alta densidad y gasa de seda.<\/p><\/li><li><p data-path-to-node=\"6,1,0\"><b data-path-to-node=\"6,1,0\" data-index-in-node=\"0\">Ajuste:<\/b> Personalizado mediante cita t\u00e9cnica.<\/p><\/li><li><p data-path-to-node=\"6,2,0\"><b data-path-to-node=\"6,2,0\" data-index-in-node=\"0\">Estilo:<\/b> Minimalista, moderno y atemporal.<\/p><\/li><\/ul>\t\t\t\t\t\t\t\t<\/div>\n\t\t\t\t<div class=\"elementor-element elementor-element-580596a elementor-align-center elementor-widget elementor-widget-button\" data-id=\"580596a\" data-element_type=\"widget\" data-widget_type=\"button.default\">\n\t\t\t\t\t\t\t\t\t\t<a class=\"elementor-button elementor-button-link elementor-size-sm\" href=\"https:\/\/api.whatsapp.com\/send?phone=+51922752162&#038;text=Hola%2C%20estoy%20interesada%20en%20recibir%20asesoramiento%20exclusivo%20sobre%20los%20vestidos%20de%20novia%20de%20Sahara.%20Me%20gustar%C3%ADa%20conocer%20m%C3%A1s%20sobre%20estilos%2C%20tallas%20y%20disponibilidad.%20%C2%A1Gracias%21\" target=\"_blank\" rel=\"nofollow\">\n\t\t\t\t\t\t<span class=\"elementor-button-content-wrapper\">\n\t\t\t\t\t\t\t\t\t<span class=\"elementor-button-text\">ASESORAMIENTO EXCLUSIVO<\/span>\n\t\t\t\t\t<\/span>\n\t\t\t\t\t<\/a>\n\t\t\t\t\t\t\t\t<\/div>\n\t\t\t\t<div class=\"elementor-element elementor-element-f9c81be elementor-align-center elementor-widget elementor-widget-button\" data-id=\"f9c81be\" data-element_type=\"widget\" data-widget_type=\"button.default\">\n\t\t\t\t\t\t\t\t\t\t<a class=\"elementor-button elementor-button-link elementor-size-sm\" href=\"https:\/\/sahara.yopuedo.pe\/index.php\/agenda-tu-cita\/\">\n\t\t\t\t\t\t<span class=\"elementor-button-content-wrapper\">\n\t\t\t\t\t\t\t\t\t<span class=\"elementor-button-text\">AGENDAR CITA<\/span>\n\t\t\t\t\t<\/span>\n\t\t\t\t\t<\/a>\n\t\t\t\t\t\t\t\t<\/div>\n\t\t\t\t<\/div>\n\t\t\t\t<\/div>\n\t\t<div class=\"elementor-element elementor-element-c16b52c e-con-full e-flex e-con e-child\" data-id=\"c16b52c\" data-element_type=\"container\">\n\t\t\t\t<div class=\"elementor-element elementor-element-2430ba3 elementor-widget elementor-widget-spacer\" data-id=\"2430ba3\" data-element_type=\"widget\" data-widget_type=\"spacer.default\">\n\t\t\t\t\t\t\t<div class=\"elementor-spacer\">\n\t\t\t<div class=\"elementor-spacer-inner\"><\/div>\n\t\t<\/div>\n\t\t\t\t\t\t<\/div>\n\t\t\t\t<\/div>\n\t\t<div class=\"elementor-element elementor-element-eab63a1 e-con-full e-flex e-con e-child\" data-id=\"eab63a1\" data-element_type=\"container\">\n\t\t\t\t<div class=\"elementor-element elementor-element-bfc538e elementor-widget elementor-widget-text-editor\" data-id=\"bfc538e\" data-element_type=\"widget\" data-widget_type=\"text-editor.default\">\n\t\t\t\t\t\t\t\t\t<h2 data-path-to-node=\"2\"><b data-path-to-node=\"2\" data-index-in-node=\"0\">Eterna: El Manifiesto de la Novia Contempor\u00e1nea<\/b><\/h2><h3 data-path-to-node=\"3\"><b data-path-to-node=\"3\" data-index-in-node=\"0\">Concepto y Filosof\u00eda del Dise\u00f1o<\/b><\/h3><p data-path-to-node=\"4\">El vestido <b data-path-to-node=\"4\" data-index-in-node=\"11\">Eterna<\/b> no es solo una prenda, es una declaraci\u00f3n de estilo. Dise\u00f1ado para la novia del 2025 que busca romper con el maximalismo tradicional sin perder la elegancia, este modelo encarna una est\u00e9tica <b data-path-to-node=\"4\" data-index-in-node=\"209\">\u00abminimalista-arquitect\u00f3nica\u00bb<\/b>. Su nombre hace honor a la atemporalidad: una silueta que se ve moderna hoy, pero que seguir\u00e1 siendo un \u00edcono de buen gusto en las fotograf\u00edas dentro de cincuenta a\u00f1os.<\/p><h3 data-path-to-node=\"5\"><b data-path-to-node=\"5\" data-index-in-node=\"0\">Detalles de Confecci\u00f3n y Materiales de \u00c9lite<\/b><\/h3><p data-path-to-node=\"6\">La excelencia de <b data-path-to-node=\"6\" data-index-in-node=\"17\">Eterna<\/b> reside en su composici\u00f3n textil y t\u00e9cnica:<\/p><ul data-path-to-node=\"7\"><li><p data-path-to-node=\"7,0,0\"><b data-path-to-node=\"7,0,0\" data-index-in-node=\"0\">Crep\u00e9 de Seda de Alto Gramaje:<\/b> El cuerpo principal est\u00e1 construido en un crep\u00e9 de seda premium, elegido por su densidad y su capacidad para esculpir la figura sin marcar imperfecciones. Este tejido posee un acabado mate que absorbe la luz de manera suave, ideal para sesiones fotogr\u00e1ficas.<\/p><\/li><li><p data-path-to-node=\"7,1,0\"><b data-path-to-node=\"7,1,0\" data-index-in-node=\"0\">Drapeado de Precisi\u00f3n:<\/b> El torso presenta un dise\u00f1o de tejido cruzado realizado manualmente sobre maniqu\u00ed. Este drapeado no solo es un detalle est\u00e9tico, sino que proporciona un soporte interno que realza el busto y estiliza el talle.<\/p><\/li><li><p data-path-to-node=\"7,2,0\"><b data-path-to-node=\"7,2,0\" data-index-in-node=\"0\">La Capa Et\u00e9rea:<\/b> En lugar de un velo convencional, <b data-path-to-node=\"7,2,0\" data-index-in-node=\"50\">Eterna<\/b> incorpora una capa de gasa de seda transl\u00facida que nace de los hombros. Esta pieza aporta un movimiento fluido (efecto <i data-path-to-node=\"7,2,0\" data-index-in-node=\"176\">aire<\/i>) al caminar, creando una estela majestuosa en la entrada a la ceremonia.<\/p><\/li><li><p data-path-to-node=\"7,3,0\"><b data-path-to-node=\"7,3,0\" data-index-in-node=\"0\">Interior de Lujo:<\/b> Totalmente forrado en sat\u00e9n el\u00e1stico de seda, lo que garantiza que el vestido sea suave al contacto con la piel y permite una transpiraci\u00f3n \u00f3ptima durante todo el evento.<\/p><\/li><\/ul><h3 data-path-to-node=\"8\"><b data-path-to-node=\"8\" data-index-in-node=\"0\">Gu\u00eda de Tallas y Prototipos<\/b><\/h3><p data-path-to-node=\"9\">Contamos con una escala de tallaje industrial para nuestras pruebas iniciales, dise\u00f1ada para adaptarse a diferentes morfolog\u00edas:<\/p><ul data-path-to-node=\"10\"><li><p data-path-to-node=\"10,0,0\"><b data-path-to-node=\"10,0,0\" data-index-in-node=\"0\">Talla S (34-36):<\/b> Ideal para contexturas delgadas, con un ajuste preciso en hombros.<\/p><\/li><li><p data-path-to-node=\"10,1,0\"><b data-path-to-node=\"10,1,0\" data-index-in-node=\"0\">Talla M (38-40):<\/b> Proporcionada para curvas equilibradas y talle medio.<\/p><\/li><li><p data-path-to-node=\"10,2,0\"><b data-path-to-node=\"10,2,0\" data-index-in-node=\"0\">Talla L (42-44):<\/b> Dise\u00f1ada para resaltar la figura con soporte adicional en la estructura interna.<\/p><\/li><\/ul><h3 data-path-to-node=\"11\"><b data-path-to-node=\"11\" data-index-in-node=\"0\">El Proceso de Personalizaci\u00f3n: \u00abEl Vestido de tu Vida\u00bb<\/b><\/h3><p data-path-to-node=\"12\">En nuestra firma, entendemos que el cuerpo humano no sigue reglas industriales. Por ello, el modelo <b data-path-to-node=\"12\" data-index-in-node=\"100\">Eterna<\/b> sirve como un lienzo que adaptamos exclusivamente para ti.<\/p><ol start=\"1\" data-path-to-node=\"13\"><li><p data-path-to-node=\"13,0,0\"><b data-path-to-node=\"13,0,0\" data-index-in-node=\"0\">Cita de Asesoramiento:<\/b> En nuestro atelier, recibir\u00e1s una consultor\u00eda de imagen para analizar c\u00f3mo potenciar tus rasgos con el dise\u00f1o.<\/p><\/li><li><p data-path-to-node=\"13,1,0\"><b data-path-to-node=\"13,1,0\" data-index-in-node=\"0\">Toma de Medidas Biom\u00e9trica:<\/b> No nos limitamos a contornos b\u00e1sicos. Tomamos m\u00e1s de 15 medidas espec\u00edficas, incluyendo el largo exacto desde la clav\u00edcula al suelo, el ancho de espalda y la ca\u00edda natural de los hombros para que la capa fluya sin esfuerzo.<\/p><\/li><li><p data-path-to-node=\"13,2,0\"><b data-path-to-node=\"13,2,0\" data-index-in-node=\"0\">Plasmado en el Patr\u00f3n:<\/b> Esas medidas se trasladan al patr\u00f3n original del <b data-path-to-node=\"13,2,0\" data-index-in-node=\"72\">Eterna<\/b>. Cortamos la tela espec\u00edficamente para ti, asegurando que cada pliegue del drapeado y cada costura de la silueta sirena caigan exactamente donde tu cuerpo lo requiere.<\/p><\/li><li><p data-path-to-node=\"13,3,0\"><b data-path-to-node=\"13,3,0\" data-index-in-node=\"0\">Pruebas T\u00e9cnicas:<\/b> Realizamos pruebas de ajuste para asegurar que el vestido sea una \u00absegunda piel\u00bb, permiti\u00e9ndote libertad total de movimiento para el baile y la celebraci\u00f3n.<\/p><\/li><\/ol><h3 data-path-to-node=\"14\"><b data-path-to-node=\"14\" data-index-in-node=\"0\">Todo lo que debes saber<\/b><\/h3><ul data-path-to-node=\"15\"><li><p data-path-to-node=\"15,0,0\"><b data-path-to-node=\"15,0,0\" data-index-in-node=\"0\">Color:<\/b> Blanco roto (Off-white) natural, que favorece a todo tipo de tonos de piel.<\/p><\/li><li><p data-path-to-node=\"15,1,0\"><b data-path-to-node=\"15,1,0\" data-index-in-node=\"0\">Cuidado:<\/b> Limpieza especializada en seco.<\/p><\/li><li><p data-path-to-node=\"15,2,0\"><b data-path-to-node=\"15,2,0\" data-index-in-node=\"0\">Versatilidad:<\/b> Perfecto para bodas religiosas en catedrales o ceremonias civiles elegantes en lugares modernos.<\/p><\/li><\/ul>\t\t\t\t\t\t\t\t<\/div>\n\t\t\t\t<\/div>\n\t\t<div class=\"elementor-element elementor-element-769dea4 e-con-full e-flex e-con e-child\" data-id=\"769dea4\" data-element_type=\"container\">\n\t\t\t\t<div class=\"elementor-element elementor-element-3b1f93e elementor-widget elementor-widget-spacer\" data-id=\"3b1f93e\" data-element_type=\"widget\" data-widget_type=\"spacer.default\">\n\t\t\t\t\t\t\t<div class=\"elementor-spacer\">\n\t\t\t<div class=\"elementor-spacer-inner\"><\/div>\n\t\t<\/div>\n\t\t\t\t\t\t<\/div>\n\t\t\t\t<\/div>\n\t\t\t\t\t<\/div>\n\t\t\t\t<\/div>\n\t\t<div class=\"elementor-element elementor-element-9dcd95f e-flex e-con-boxed e-con e-parent\" data-id=\"9dcd95f\" data-element_type=\"container\">\n\t\t\t\t\t<div class=\"e-con-inner\">\n\t\t\t\t<div class=\"elementor-element elementor-element-eb8bb6e elementor-fixed elementor-widget elementor-widget-button\" data-id=\"eb8bb6e\" data-element_type=\"widget\" data-settings=\"{&quot;_position&quot;:&quot;fixed&quot;}\" data-widget_type=\"button.default\">\n\t\t\t\t\t\t\t\t\t\t<a class=\"elementor-button elementor-button-link elementor-size-sm\" href=\"https:\/\/api.whatsapp.com\/send?phone=+51922752162&#038;text=Hola%2C%20estoy%20interesada%20en%20recibir%20asesoramiento%20exclusivo%20sobre%20los%20vestidos%20de%20novia%20de%20Sahara.%20Me%20gustar%C3%ADa%20conocer%20m%C3%A1s%20sobre%20estilos%2C%20tallas%20y%20disponibilidad.%20%C2%A1Gracias%21\" target=\"_blank\" rel=\"nofollow\">\n\t\t\t\t\t\t<span class=\"elementor-button-content-wrapper\">\n\t\t\t\t\t\t<span class=\"elementor-button-icon\">\n\t\t\t\t<svg aria-hidden=\"true\" class=\"e-font-icon-svg e-fab-whatsapp\" viewBox=\"0 0 448 512\" xmlns=\"http:\/\/www.w3.org\/2000\/svg\"><path d=\"M380.9 97.1C339 55.1 283.2 32 223.9 32c-122.4 0-222 99.6-222 222 0 39.1 10.2 77.3 29.6 111L0 480l117.7-30.9c32.4 17.7 68.9 27 106.1 27h.1c122.3 0 224.1-99.6 224.1-222 0-59.3-25.2-115-67.1-157zm-157 341.6c-33.2 0-65.7-8.9-94-25.7l-6.7-4-69.8 18.3L72 359.2l-4.4-7c-18.5-29.4-28.2-63.3-28.2-98.2 0-101.7 82.8-184.5 184.6-184.5 49.3 0 95.6 19.2 130.4 54.1 34.8 34.9 56.2 81.2 56.1 130.5 0 101.8-84.9 184.6-186.6 184.6zm101.2-138.2c-5.5-2.8-32.8-16.2-37.9-18-5.1-1.9-8.8-2.8-12.5 2.8-3.7 5.6-14.3 18-17.6 21.8-3.2 3.7-6.5 4.2-12 1.4-32.6-16.3-54-29.1-75.5-66-5.7-9.8 5.7-9.1 16.3-30.3 1.8-3.7.9-6.9-.5-9.7-1.4-2.8-12.5-30.1-17.1-41.2-4.5-10.8-9.1-9.3-12.5-9.5-3.2-.2-6.9-.2-10.6-.2-3.7 0-9.7 1.4-14.8 6.9-5.1 5.6-19.4 19-19.4 46.3 0 27.3 19.9 53.7 22.6 57.4 2.8 3.7 39.1 59.7 94.8 83.8 35.2 15.2 49 16.5 66.6 13.9 10.7-1.6 32.8-13.4 37.4-26.4 4.6-13 4.6-24.1 3.2-26.4-1.3-2.5-5-3.9-10.5-6.6z\"><\/path><\/svg>\t\t\t<\/span>\n\t\t\t\t\t\t\t\t<\/span>\n\t\t\t\t\t<\/a>\n\t\t\t\t\t\t\t\t<\/div>\n\t\t\t\t\t<\/div>\n\t\t\t\t<\/div>\n\t\t\t\t<\/div>\n\t\t","protected":false},"excerpt":{"rendered":"<p>Eterna Vestidos Modernos Una pieza moderna de silueta sirena confeccionada en crep\u00e9 de seda premium con forro de sat\u00e9n y una majestuosa capa integrada en gasa. Este dise\u00f1o destaca por su escote con drapeado cruzado y un cintur\u00f3n minimalista. Detalles T\u00e9cnicos: Material: Crep\u00e9 de alta densidad y gasa de seda. Ajuste: Personalizado mediante cita t\u00e9cnica. [&hellip;]<\/p>\n","protected":false},"author":1,"featured_media":0,"parent":0,"menu_order":0,"comment_status":"closed","ping_status":"closed","template":"","meta":{"footnotes":""},"class_list":["post-1163","page","type-page","status-publish","hentry"],"_links":{"self":[{"href":"https:\/\/sahara.yopuedo.pe\/index.php\/wp-json\/wp\/v2\/pages\/1163","targetHints":{"allow":["GET"]}}],"collection":[{"href":"https:\/\/sahara.yopuedo.pe\/index.php\/wp-json\/wp\/v2\/pages"}],"about":[{"href":"https:\/\/sahara.yopuedo.pe\/index.php\/wp-json\/wp\/v2\/types\/page"}],"author":[{"embeddable":true,"href":"https:\/\/sahara.yopuedo.pe\/index.php\/wp-json\/wp\/v2\/users\/1"}],"replies":[{"embeddable":true,"href":"https:\/\/sahara.yopuedo.pe\/index.php\/wp-json\/wp\/v2\/comments?post=1163"}],"version-history":[{"count":22,"href":"https:\/\/sahara.yopuedo.pe\/index.php\/wp-json\/wp\/v2\/pages\/1163\/revisions"}],"predecessor-version":[{"id":1899,"href":"https:\/\/sahara.yopuedo.pe\/index.php\/wp-json\/wp\/v2\/pages\/1163\/revisions\/1899"}],"wp:attachment":[{"href":"https:\/\/sahara.yopuedo.pe\/index.php\/wp-json\/wp\/v2\/media?parent=1163"}],"curies":[{"name":"wp","href":"https:\/\/api.w.org\/{rel}","templated":true}]}}